{"id":681,"date":"2015-04-27T11:06:22","date_gmt":"2015-04-27T09:06:22","guid":{"rendered":"http:\/\/tell-erling.bplaced.net\/wordpress\/?page_id=681"},"modified":"2019-12-28T20:20:13","modified_gmt":"2019-12-28T19:20:13","slug":"endschiessen-2015-2","status":"publish","type":"page","link":"https:\/\/tell-erling.bplaced.net\/wordpress\/verein\/foto-gallerien\/endschiessen-2015-2\/","title":{"rendered":"Endschie\u00dfen 2015"},"content":{"rendered":"<p>Traditionell schlie\u00dft das Endschie\u00dfen die Saison der Sch\u00fctzen ab. Nach einem insgesamt durchaus erfolgreichen Jahr haben wir die Saison nun mehr oder weniger beendet. W\u00e4hrend der Preisverteilung wurden die Vereinsmeister-Titel verliehen.<\/p>\n<p>Vereinsmeisterin wurde Nicole Bauer mit \u00fcberragenden 4.057,9 Ringen \u00fcber die gesamte Saison. Bei den Senioren gewann Dieter Wiechmann mit 3.978,4 Ringen den Titel. Bei der Luftpistole \u00fcberzeugte wieder einmal Christian Simmel mit 3.711,6 Ringen. Er konnte sich ebenfalls den dieses Jahr erstmalig verliehenen Titel des Vereinsmeisters Tradition sichern. Michael H\u00f6llrigl gewann mit 3.458,8 Ringen den Titel des Vereinsmeisters Jugend. Der Nachwuchs der Sch\u00fcler wurde von Martin Rei\u00dfer angef\u00fchrt, der sich den Sch\u00fclertitel mit 1.536,4 Ringen holte.<\/p>\n<p>Die h\u00fcbsche Ehrenscheibe konnte dieses Jahr Elisabeth Fiedler mit einem 82,5 Teiler gewinnen.<\/p>\n<p>Die \u00fcbrigen Platzierungen der Preisschie\u00dfen finden sich in der Ergebnisliste.<\/p>\n<p>&nbsp;<\/p>\n<p><a href=\"http:\/\/tell-erling.bplaced.net\/wordpress\/wp-content\/uploads\/2015\/04\/Endschie\u00dfen-2015.pdf\">Ergebnisse Endschie\u00dfen 2015<\/a><\/p>\n<p>&nbsp;<\/p>\n<div id=\"attachment_699\" style=\"width: 310px\" class=\"wp-caption alignnone\"><a href=\"http:\/\/tell-erling.bplaced.net\/wordpress\/wp-content\/uploads\/2015\/04\/RIMG0036.jpg\"><img loading=\"lazy\" decoding=\"async\" aria-describedby=\"caption-attachment-699\" class=\"size-medium wp-image-699\" src=\"http:\/\/tell-erling.bplaced.net\/wordpress\/wp-content\/uploads\/2015\/04\/RIMG0036-300x225.jpg\" alt=\"Endschie\u00dfen 2015\" width=\"300\" height=\"225\" srcset=\"https:\/\/tell-erling.bplaced.net\/wordpress\/wp-content\/uploads\/2015\/04\/RIMG0036-300x225.jpg 300w, https:\/\/tell-erling.bplaced.net\/wordpress\/wp-content\/uploads\/2015\/04\/RIMG0036-1024x768.jpg 1024w, https:\/\/tell-erling.bplaced.net\/wordpress\/wp-content\/uploads\/2015\/04\/RIMG0036.jpg 2048w\" sizes=\"auto, (max-width: 300px) 100vw, 300px\" \/><\/a><p id=\"caption-attachment-699\" class=\"wp-caption-text\">Endschie\u00dfen 2015<\/p><\/div>\n","protected":false},"excerpt":{"rendered":"<p>Traditionell schlie\u00dft das Endschie\u00dfen die Saison der Sch\u00fctzen ab. Nach einem insgesamt durchaus erfolgreichen Jahr haben wir die Saison nun mehr oder weniger beendet. W\u00e4hrend der Preisverteilung wurden die Vereinsmeister-Titel verliehen. Vereinsmeisterin wurde Nicole Bauer mit \u00fcberragenden 4.057,9 Ringen \u00fcber die gesamte Saison. Bei den Senioren gewann Dieter Wiechmann mit 3.978,4 Ringen den Titel. Bei [&hellip;]<\/p>\n","protected":false},"author":2,"featured_media":0,"parent":475,"menu_order":0,"comment_status":"closed","ping_status":"closed","template":"","meta":{"footnotes":""},"class_list":["post-681","page","type-page","status-publish","hentry","post"],"_links":{"self":[{"href":"https:\/\/tell-erling.bplaced.net\/wordpress\/wp-json\/wp\/v2\/pages\/681","targetHints":{"allow":["GET"]}}],"collection":[{"href":"https:\/\/tell-erling.bplaced.net\/wordpress\/wp-json\/wp\/v2\/pages"}],"about":[{"href":"https:\/\/tell-erling.bplaced.net\/wordpress\/wp-json\/wp\/v2\/types\/page"}],"author":[{"embeddable":true,"href":"https:\/\/tell-erling.bplaced.net\/wordpress\/wp-json\/wp\/v2\/users\/2"}],"replies":[{"embeddable":true,"href":"https:\/\/tell-erling.bplaced.net\/wordpress\/wp-json\/wp\/v2\/comments?post=681"}],"version-history":[{"count":5,"href":"https:\/\/tell-erling.bplaced.net\/wordpress\/wp-json\/wp\/v2\/pages\/681\/revisions"}],"predecessor-version":[{"id":712,"href":"https:\/\/tell-erling.bplaced.net\/wordpress\/wp-json\/wp\/v2\/pages\/681\/revisions\/712"}],"up":[{"embeddable":true,"href":"https:\/\/tell-erling.bplaced.net\/wordpress\/wp-json\/wp\/v2\/pages\/475"}],"wp:attachment":[{"href":"https:\/\/tell-erling.bplaced.net\/wordpress\/wp-json\/wp\/v2\/media?parent=681"}],"curies":[{"name":"wp","href":"https:\/\/api.w.org\/{rel}","templated":true}]}}