{"id":475,"date":"2014-12-16T16:04:44","date_gmt":"2014-12-16T15:04:44","guid":{"rendered":"http:\/\/tell-erling.bplaced.net\/wordpress\/?page_id=475"},"modified":"2017-02-05T20:18:51","modified_gmt":"2017-02-05T19:18:51","slug":"foto-gallerien","status":"publish","type":"page","link":"https:\/\/tell-erling.bplaced.net\/wordpress\/verein\/foto-gallerien\/","title":{"rendered":"Foto &#8211; Gallerien"},"content":{"rendered":"<p><a title=\"Jugendgrillfest 2003\" href=\"http:\/\/tell-erling.bplaced.net\/wordpress\/?page_id=512\">Jugendgrillfest 2003<\/a><\/p>\n<p><a title=\"Sparkassenpokal 2004\" href=\"http:\/\/tell-erling.bplaced.net\/wordpress\/?page_id=504\">Sparkassenpokal 2004<\/a><\/p>\n<p><a title=\"Weihnachtsfeier 2009\" href=\"http:\/\/tell-erling.bplaced.net\/wordpress\/?page_id=502\">Weihnachtsfeier 2009<\/a><\/p>\n<p><a title=\"Sebastians-Messe \/Fr\u00fchschoppen 2015\" href=\"http:\/\/tell-erling.bplaced.net\/wordpress\/?page_id=628\">Sebastiansmesse 2015<\/a><\/p>\n<p><a title=\"Volksschie\u00dfen 2015 Fotos\" href=\"http:\/\/tell-erling.bplaced.net\/wordpress\/?page_id=617\">Volksschie\u00dfen 2015<\/a><\/p>\n<p><a title=\"Ostereierschie\u00dfen 2015\" href=\"http:\/\/tell-erling.bplaced.net\/wordpress\/?page_id=675\">Ostereierschie\u00dfen 2015<\/a><\/p>\n<p><a title=\"Freundschaftsschie\u00dfen 2015 Die\u00dfen-Herrsching-Erling\" href=\"http:\/\/tell-erling.bplaced.net\/wordpress\/?page_id=720\">Freundschaftsschie\u00dfen 2015<\/a><\/p>\n<p><a title=\"Erlinger Traditionsschie\u00dfen 2015\" href=\"http:\/\/tell-erling.bplaced.net\/wordpress\/?page_id=796\">Erlinger Traditionsschie\u00dfen 2015<\/a><\/p>\n<p><a title=\"Grillen 2015\" href=\"http:\/\/tell-erling.bplaced.net\/wordpress\/?page_id=841\">Grillen 2015<\/a><\/p>\n<p><a title=\"Jugendausflug 2015\" href=\"http:\/\/tell-erling.bplaced.net\/wordpress\/?page_id=980\">Jugendausflug 2015<\/a><\/p>\n<p><a title=\"Weihnachtsfeier 2015\" href=\"http:\/\/tell-erling.bplaced.net\/wordpress\/?page_id=1268\">Weihnachtsfeier 2015<\/a><\/p>\n<p><a title=\"Preisverteilung Volksschie\u00dfen 2017 Foto\" href=\"http:\/\/tell-erling.bplaced.net\/wordpress\/?page_id=2209\" target=\"_blank\">Volksschie\u00dfen Preisverteilung 2017<\/a><\/p>\n","protected":false},"excerpt":{"rendered":"<p>Jugendgrillfest 2003 Sparkassenpokal 2004 Weihnachtsfeier 2009 Sebastiansmesse 2015 Volksschie\u00dfen 2015 Ostereierschie\u00dfen 2015 Freundschaftsschie\u00dfen 2015 Erlinger Traditionsschie\u00dfen 2015 Grillen 2015 Jugendausflug 2015 Weihnachtsfeier 2015 Volksschie\u00dfen Preisverteilung 2017<\/p>\n","protected":false},"author":1,"featured_media":0,"parent":62,"menu_order":7,"comment_status":"closed","ping_status":"closed","template":"","meta":{"footnotes":""},"class_list":["post-475","page","type-page","status-publish","hentry","post"],"_links":{"self":[{"href":"https:\/\/tell-erling.bplaced.net\/wordpress\/wp-json\/wp\/v2\/pages\/475","targetHints":{"allow":["GET"]}}],"collection":[{"href":"https:\/\/tell-erling.bplaced.net\/wordpress\/wp-json\/wp\/v2\/pages"}],"about":[{"href":"https:\/\/tell-erling.bplaced.net\/wordpress\/wp-json\/wp\/v2\/types\/page"}],"author":[{"embeddable":true,"href":"https:\/\/tell-erling.bplaced.net\/wordpress\/wp-json\/wp\/v2\/users\/1"}],"replies":[{"embeddable":true,"href":"https:\/\/tell-erling.bplaced.net\/wordpress\/wp-json\/wp\/v2\/comments?post=475"}],"version-history":[{"count":22,"href":"https:\/\/tell-erling.bplaced.net\/wordpress\/wp-json\/wp\/v2\/pages\/475\/revisions"}],"predecessor-version":[{"id":2225,"href":"https:\/\/tell-erling.bplaced.net\/wordpress\/wp-json\/wp\/v2\/pages\/475\/revisions\/2225"}],"up":[{"embeddable":true,"href":"https:\/\/tell-erling.bplaced.net\/wordpress\/wp-json\/wp\/v2\/pages\/62"}],"wp:attachment":[{"href":"https:\/\/tell-erling.bplaced.net\/wordpress\/wp-json\/wp\/v2\/media?parent=475"}],"curies":[{"name":"wp","href":"https:\/\/api.w.org\/{rel}","templated":true}]}}