{"id":4295,"date":"2025-01-13T14:50:06","date_gmt":"2025-01-13T13:50:06","guid":{"rendered":"http:\/\/tell-erling.bplaced.net\/wordpress\/?page_id=4295"},"modified":"2025-01-13T14:57:50","modified_gmt":"2025-01-13T13:57:50","slug":"volksschiessen-2025","status":"publish","type":"page","link":"https:\/\/tell-erling.bplaced.net\/wordpress\/volksschiessen\/volksschiessen-2025\/","title":{"rendered":"Volksschie\u00dfen 2025"},"content":{"rendered":"<p style=\"text-align: center;\"><a href=\"http:\/\/tell-erling.bplaced.net\/wordpress\/wp-content\/uploads\/2023\/01\/Logo.png\"><img loading=\"lazy\" decoding=\"async\" class=\"size-medium wp-image-3982 aligncenter\" src=\"http:\/\/tell-erling.bplaced.net\/wordpress\/wp-content\/uploads\/2023\/01\/Logo-300x108.png\" alt=\"Logo\" width=\"300\" height=\"108\" srcset=\"https:\/\/tell-erling.bplaced.net\/wordpress\/wp-content\/uploads\/2023\/01\/Logo-300x108.png 300w, https:\/\/tell-erling.bplaced.net\/wordpress\/wp-content\/uploads\/2023\/01\/Logo.png 605w\" sizes=\"auto, (max-width: 300px) 100vw, 300px\" \/><\/a><strong>Einladung<\/strong><\/p>\n<p style=\"text-align: center;\"><strong>unter der Schirmherrschaft des 2. B\u00fcrgermeisters, Herrn Robert Klier an alle B\u00fcrgerinnen und B\u00fcrger, an alle Mitglieder der Andechser Vereine und die Mitarbeiter der ortsans\u00e4ssigen Firmen<\/strong><\/p>\n<p style=\"text-align: center;\"><strong>zum<\/strong><\/p>\n<p style=\"text-align: center;\"><strong>Erlinger Volksschie\u00dfen<\/strong><\/p>\n<p style=\"text-align: center;\"><strong>vom<\/strong><\/p>\n<p style=\"text-align: center;\"><strong>06. Februar bis 08. Februar 2025<\/strong><\/p>\n<p style=\"text-align: center;\"><strong>Donnerstag\u00a0\u00a0\u00a0\u00a0\u00a0 06. Februar\u00a0\u00a0\u00a0\u00a0\u00a0\u00a0\u00a0\u00a0\u00a0\u00a0\u00a0\u00a0\u00a0 18:30 Uhr\u00a0 bis \u00a0\u00a022:00 Uhr<\/strong><\/p>\n<p style=\"text-align: center;\"><strong>Freitag\u00a0\u00a0\u00a0\u00a0\u00a0\u00a0\u00a0\u00a0\u00a0\u00a0\u00a0\u00a0 07. Februar\u00a0\u00a0\u00a0\u00a0\u00a0\u00a0\u00a0\u00a0\u00a0\u00a0\u00a0\u00a0\u00a0 18:00 Uhr\u00a0 bis \u00a0\u00a022:30 Uhr<\/strong><\/p>\n<p style=\"text-align: center;\"><strong>Samstag\u00a0\u00a0 \u00a0\u00a0\u00a0\u00a0\u00a0\u00a0\u00a0 08. Februar\u00a0\u00a0\u00a0\u00a0\u00a0\u00a0\u00a0\u00a0\u00a0\u00a0\u00a0\u00a0\u00a0 14:00 Uhr \u00a0 bis \u00a018:30 Uhr<\/strong><\/p>\n<p style=\"text-align: center;\"><strong><br \/>\nF\u00fcr das leibliche Wohl wird gesorgt<br \/>\nKaffee und Kuchen am Samstag, den 08. Februar.<\/strong><\/p>\n<p style=\"text-align: center;\">\u00a0\u00a0\u00a0\u00a0\u00a0\u00a0 \u00a0\u00a0 Kassenschluss: jeweils \u00bd Stunde vor Schie\u00dfende<\/p>\n<p style=\"text-align: center;\"><strong>Einlage: 20 Schuss \u2013 9,00 \u20ac <\/strong>(der Betrag versteht sich einschl. Versicherung)<\/p>\n<p style=\"text-align: center;\"><strong>\u00a0\u00a0\u00a0\u00a0\u00a0\u00a0\u00a0\u00a0\u00a0\u00a0\u00a0\u00a0\u00a0\u00a0\u00a0\u00a0\u00a0\u00a0\u00a0 Nachkauf unbeschr\u00e4nkt (10 Schuss kosten 2,&#8211;\u20ac)<\/strong><\/p>\n<p style=\"text-align: center;\"><strong>\u00a0<\/strong><span style=\"text-decoration: underline;\"><strong><em>Preisverteilung: Samstag, 15. Februar um 19:30 Uhr<\/em><\/strong><\/span><\/p>\n<p style=\"text-align: center;\"><strong>Essen und Getr\u00e4nke ab 19:00 Uhr<br \/>\n<\/strong><\/p>\n<p style=\"text-align: center;\"><strong>Luftgewehre bzw. Luftpistolen und Munition werden gestellt.<br \/>\nEigene Waffen sind nicht erlaubt.<\/strong><\/p>\n<p style=\"text-align: center;\">Teilnahmeberechtigt sind alle ab <strong>10<\/strong> Jahren. Minderj\u00e4hrige mit Einverst\u00e4ndnis-erkl\u00e4rung der Eltern. 10- und 11- j\u00e4hrige Teilnehmer sowie Sch\u00fctzinnen und Sch\u00fctzen ab 56 Jahre k\u00f6nnen als Hilfsmittel die Auflage benutzen.<\/p>\n<p style=\"text-align: left;\">Ermittelt werden (nur mit Wohnsitz im Ortsteil Erling):<\/p>\n<ul style=\"text-align: left;\">\n<li><strong>Ortsmeisterin und Ortsmeister<\/strong><\/li>\n<li><strong>Jugendklasse: Jugend-Ortsmeisterin oder ein Jugend-Ortsmeister <\/strong><\/li>\n<li><strong>Auflageklasse: Ortsmeisterin und Ortsmeister<br \/>\n<\/strong><\/li>\n<\/ul>\n<ul style=\"text-align: left;\">\n<li><strong>1.- 3. Platz Mannschaftsmeister (in die Wertung kommen die 5 besten <\/strong><strong>Sch\u00fctzinnen\/Sch\u00fctzen einer Mannschaft)<\/strong><\/li>\n<li><strong>Meistbeteiligungspreise bei den Mannschaften mit den meisten Teilnehmern<\/strong><\/li>\n<\/ul>\n<p style=\"text-align: center;\"><strong>Zur Verteilung kommen Ehrengaben, Pokale und sch\u00f6ne Preise.<\/strong><\/p>\n<p style=\"text-align: center;\">Die Schie\u00dfordnung des Bayrischen Sportsch\u00fctzenbundes BSSB ist ma\u00dfgebend.<\/p>\n<p style=\"text-align: center;\">Mitglieder des deutschen Sportsch\u00fctzenbunds werden nicht gewertet.<\/p>\n<p style=\"text-align: center;\"><strong><em>Die Tell-Sch\u00fctzen Erling w\u00fcnschen allen Teilnehmern GUT SCHUSS<\/em><\/strong><\/p>\n","protected":false},"excerpt":{"rendered":"<p>Einladung unter der Schirmherrschaft des 2. B\u00fcrgermeisters, Herrn Robert Klier an alle B\u00fcrgerinnen und B\u00fcrger, an alle Mitglieder der Andechser Vereine und die Mitarbeiter der ortsans\u00e4ssigen Firmen zum Erlinger Volksschie\u00dfen vom 06. Februar bis 08. Februar 2025 Donnerstag\u00a0\u00a0\u00a0\u00a0\u00a0 06. Februar\u00a0\u00a0\u00a0\u00a0\u00a0\u00a0\u00a0\u00a0\u00a0\u00a0\u00a0\u00a0\u00a0 18:30 Uhr\u00a0 bis \u00a0\u00a022:00 Uhr Freitag\u00a0\u00a0\u00a0\u00a0\u00a0\u00a0\u00a0\u00a0\u00a0\u00a0\u00a0\u00a0 07. Februar\u00a0\u00a0\u00a0\u00a0\u00a0\u00a0\u00a0\u00a0\u00a0\u00a0\u00a0\u00a0\u00a0 18:00 Uhr\u00a0 bis \u00a0\u00a022:30 Uhr Samstag\u00a0\u00a0 \u00a0\u00a0\u00a0\u00a0\u00a0\u00a0\u00a0 [&hellip;]<\/p>\n","protected":false},"author":8,"featured_media":0,"parent":3483,"menu_order":-2,"comment_status":"closed","ping_status":"closed","template":"","meta":{"footnotes":""},"class_list":["post-4295","page","type-page","status-publish","hentry","post"],"_links":{"self":[{"href":"https:\/\/tell-erling.bplaced.net\/wordpress\/wp-json\/wp\/v2\/pages\/4295","targetHints":{"allow":["GET"]}}],"collection":[{"href":"https:\/\/tell-erling.bplaced.net\/wordpress\/wp-json\/wp\/v2\/pages"}],"about":[{"href":"https:\/\/tell-erling.bplaced.net\/wordpress\/wp-json\/wp\/v2\/types\/page"}],"author":[{"embeddable":true,"href":"https:\/\/tell-erling.bplaced.net\/wordpress\/wp-json\/wp\/v2\/users\/8"}],"replies":[{"embeddable":true,"href":"https:\/\/tell-erling.bplaced.net\/wordpress\/wp-json\/wp\/v2\/comments?post=4295"}],"version-history":[{"count":5,"href":"https:\/\/tell-erling.bplaced.net\/wordpress\/wp-json\/wp\/v2\/pages\/4295\/revisions"}],"predecessor-version":[{"id":4335,"href":"https:\/\/tell-erling.bplaced.net\/wordpress\/wp-json\/wp\/v2\/pages\/4295\/revisions\/4335"}],"up":[{"embeddable":true,"href":"https:\/\/tell-erling.bplaced.net\/wordpress\/wp-json\/wp\/v2\/pages\/3483"}],"wp:attachment":[{"href":"https:\/\/tell-erling.bplaced.net\/wordpress\/wp-json\/wp\/v2\/media?parent=4295"}],"curies":[{"name":"wp","href":"https:\/\/api.w.org\/{rel}","templated":true}]}}