{"id":4218,"date":"2024-01-25T23:48:26","date_gmt":"2024-01-25T22:48:26","guid":{"rendered":"http:\/\/tell-erling.bplaced.net\/wordpress\/?page_id=4218"},"modified":"2024-02-03T20:59:25","modified_gmt":"2024-02-03T19:59:25","slug":"ergebnisse-2024","status":"publish","type":"page","link":"https:\/\/tell-erling.bplaced.net\/wordpress\/volksschiessen\/volksschiessen-2024\/ergebnisse-2024\/","title":{"rendered":"Volksschie\u00dfen 2024 Ergebnisse"},"content":{"rendered":"<div class=\"entry-content\">\n<p>Das Endergebnis des Volksschie\u00dfen 2024 findet ihr unter folgendem Link:<\/p>\n<p><a href=\"http:\/\/tell-erling.bplaced.net\/wordpress\/wp-content\/uploads\/2024\/01\/volksschie\u00dfen_ergebnisse_final.pdf\">Volksschie\u00dfen Endergebnisse<\/a><\/p>\n<p>Um den Spannungsbogen der Preisverteilung nicht zu zerst\u00f6ren, werden vor der Preisverteilung am <strong>Samstag 03.02.2024<\/strong> keine weiteren Ergebnisse mehr ver\u00f6ffentlicht.<\/p>\n<p><strong>Hinweis zur Preisverteilung:<\/strong><br \/>\nDie Preise werden nur an Personen ausgegeben, welche pers\u00f6nlich vor Ort sind, oder in Vertretung von jemand anderem pers\u00f6nlich abgeholt werden.<br \/>\nPreise, welche durch nicht-Anwesenheit des Preisempf\u00e4ngers ausgegeben werden, werden an den n\u00e4chsten in der Platzierung weitergegeben.<\/p>\n<p>&nbsp;<\/p>\n<p>Wenn ihr unseren Verein mit einer Spende f\u00fcr die Renovierung unserer Toiletten unterst\u00fczten m\u00f6chtet, k\u00f6nnt ihr dies gerne unter folgender Bankverbindung tun:<\/p>\n<p>VR Bank Starnberg-Herrsching-Landsberg<br \/>\nIBAN DE60 7009 3200 0005 1083 49<\/p>\n<p>Vielen herzlichen Dank!<\/p>\n<\/div>\n","protected":false},"excerpt":{"rendered":"<p>Das Endergebnis des Volksschie\u00dfen 2024 findet ihr unter folgendem Link: Volksschie\u00dfen Endergebnisse Um den Spannungsbogen der Preisverteilung nicht zu zerst\u00f6ren, werden vor der Preisverteilung am Samstag 03.02.2024 keine weiteren Ergebnisse mehr ver\u00f6ffentlicht. Hinweis zur Preisverteilung: Die Preise werden nur an Personen ausgegeben, welche pers\u00f6nlich vor Ort sind, oder in Vertretung von jemand anderem pers\u00f6nlich abgeholt [&hellip;]<\/p>\n","protected":false},"author":8,"featured_media":0,"parent":4216,"menu_order":0,"comment_status":"closed","ping_status":"closed","template":"","meta":{"footnotes":""},"class_list":["post-4218","page","type-page","status-publish","hentry","post"],"_links":{"self":[{"href":"https:\/\/tell-erling.bplaced.net\/wordpress\/wp-json\/wp\/v2\/pages\/4218","targetHints":{"allow":["GET"]}}],"collection":[{"href":"https:\/\/tell-erling.bplaced.net\/wordpress\/wp-json\/wp\/v2\/pages"}],"about":[{"href":"https:\/\/tell-erling.bplaced.net\/wordpress\/wp-json\/wp\/v2\/types\/page"}],"author":[{"embeddable":true,"href":"https:\/\/tell-erling.bplaced.net\/wordpress\/wp-json\/wp\/v2\/users\/8"}],"replies":[{"embeddable":true,"href":"https:\/\/tell-erling.bplaced.net\/wordpress\/wp-json\/wp\/v2\/comments?post=4218"}],"version-history":[{"count":19,"href":"https:\/\/tell-erling.bplaced.net\/wordpress\/wp-json\/wp\/v2\/pages\/4218\/revisions"}],"predecessor-version":[{"id":4246,"href":"https:\/\/tell-erling.bplaced.net\/wordpress\/wp-json\/wp\/v2\/pages\/4218\/revisions\/4246"}],"up":[{"embeddable":true,"href":"https:\/\/tell-erling.bplaced.net\/wordpress\/wp-json\/wp\/v2\/pages\/4216"}],"wp:attachment":[{"href":"https:\/\/tell-erling.bplaced.net\/wordpress\/wp-json\/wp\/v2\/media?parent=4218"}],"curies":[{"name":"wp","href":"https:\/\/api.w.org\/{rel}","templated":true}]}}