{"id":3984,"date":"2023-01-27T11:29:14","date_gmt":"2023-01-27T10:29:14","guid":{"rendered":"http:\/\/tell-erling.bplaced.net\/wordpress\/?page_id=3984"},"modified":"2023-02-04T16:35:39","modified_gmt":"2023-02-04T15:35:39","slug":"ergebnisse-2023","status":"publish","type":"page","link":"https:\/\/tell-erling.bplaced.net\/wordpress\/volksschiessen\/volksschiessen-2023\/ergebnisse-2023\/","title":{"rendered":"Ergebnisse 2023"},"content":{"rendered":"<p>Die <strong>Endergebnisse<\/strong> des Volksschie\u00dfens 2023 findet ihr unter folgendem Link:<\/p>\n<p><a href=\"http:\/\/tell-erling.bplaced.net\/wordpress\/wp-content\/uploads\/2023\/02\/Volksschie\u00dfen_2023_-Ergebnisse_Final_.pdf\">Volksschie\u00dfen 2023 Ergebnisse Final<\/a><\/p>\n<p><strong>Hinweis zur Preisverteilung:<\/strong><br \/>\nDie Preise werden nur an Personen ausgegeben, welche pers\u00f6nlich vor Ort sind, oder in Vertretung von jemand anderem pers\u00f6nlich abgeholt werden.<br \/>\nPreise, welche durch nicht-Anwesenheit des Preisempf\u00e4ngers ausgegeben werden, werden an den n\u00e4chsten in der Platzierung weitergegeben.<\/p>\n<p>&nbsp;<\/p>\n<p>Damit wir auch in der Zukunft gut zielen k\u00f6nnen und ihr unseren Verein mit einer Spende f\u00fcr die Renovierung unseres Schie\u00dfraumes unterst\u00fczten m\u00f6chtet, k\u00f6nnt ihr dies gerne unter folgender Bankverbindung tun:<\/p>\n<p>VR Bank Starnberg-Herrsching-Landsberg<br \/>\nIBAN DE60 7009 3200 0005 1083 49<\/p>\n<p>Vielen herzlichen Dank!<\/p>\n","protected":false},"excerpt":{"rendered":"<p>Die Endergebnisse des Volksschie\u00dfens 2023 findet ihr unter folgendem Link: Volksschie\u00dfen 2023 Ergebnisse Final Hinweis zur Preisverteilung: Die Preise werden nur an Personen ausgegeben, welche pers\u00f6nlich vor Ort sind, oder in Vertretung von jemand anderem pers\u00f6nlich abgeholt werden. Preise, welche durch nicht-Anwesenheit des Preisempf\u00e4ngers ausgegeben werden, werden an den n\u00e4chsten in der Platzierung weitergegeben. &nbsp; [&hellip;]<\/p>\n","protected":false},"author":8,"featured_media":0,"parent":3979,"menu_order":0,"comment_status":"closed","ping_status":"closed","template":"","meta":{"footnotes":""},"class_list":["post-3984","page","type-page","status-publish","hentry","post"],"_links":{"self":[{"href":"https:\/\/tell-erling.bplaced.net\/wordpress\/wp-json\/wp\/v2\/pages\/3984","targetHints":{"allow":["GET"]}}],"collection":[{"href":"https:\/\/tell-erling.bplaced.net\/wordpress\/wp-json\/wp\/v2\/pages"}],"about":[{"href":"https:\/\/tell-erling.bplaced.net\/wordpress\/wp-json\/wp\/v2\/types\/page"}],"author":[{"embeddable":true,"href":"https:\/\/tell-erling.bplaced.net\/wordpress\/wp-json\/wp\/v2\/users\/8"}],"replies":[{"embeddable":true,"href":"https:\/\/tell-erling.bplaced.net\/wordpress\/wp-json\/wp\/v2\/comments?post=3984"}],"version-history":[{"count":19,"href":"https:\/\/tell-erling.bplaced.net\/wordpress\/wp-json\/wp\/v2\/pages\/3984\/revisions"}],"predecessor-version":[{"id":4017,"href":"https:\/\/tell-erling.bplaced.net\/wordpress\/wp-json\/wp\/v2\/pages\/3984\/revisions\/4017"}],"up":[{"embeddable":true,"href":"https:\/\/tell-erling.bplaced.net\/wordpress\/wp-json\/wp\/v2\/pages\/3979"}],"wp:attachment":[{"href":"https:\/\/tell-erling.bplaced.net\/wordpress\/wp-json\/wp\/v2\/media?parent=3984"}],"curies":[{"name":"wp","href":"https:\/\/api.w.org\/{rel}","templated":true}]}}