{"id":3564,"date":"2020-02-12T09:45:52","date_gmt":"2020-02-12T08:45:52","guid":{"rendered":"http:\/\/tell-erling.bplaced.net\/wordpress\/?page_id=3564"},"modified":"2020-02-13T22:07:36","modified_gmt":"2020-02-13T21:07:36","slug":"ergebnisse-2020","status":"publish","type":"page","link":"https:\/\/tell-erling.bplaced.net\/wordpress\/volksschiessen\/volksschiessen-2020\/ergebnisse-2020\/","title":{"rendered":"Ergebnisse &#038; Bilder 2020"},"content":{"rendered":"<p>Wir bedanken uns beim Schirmherrn Rudolf Schreiber und bei den Teilnehmern des Volksschie\u00dfen 2020 sowie bei den Mitgliedern die das diesj\u00e4hrige Schie\u00dfen unterst\u00fctzt haben. Gratulation an erfolgreichen Sch\u00fctzinnen und Sch\u00fctzen! Die Ergebnisse des Volksschie\u00dfens 2020 findet ihr unter folgendem Link:<\/p>\n<p><a href=\"http:\/\/tell-erling.bplaced.net\/wordpress\/wp-content\/uploads\/2020\/02\/Ergebnisse-Volksschie\u00dfen-2020.pdf\">Ergebnisse Volksschie\u00dfen 2020<\/a><\/p>\n<p>&nbsp;<\/p>\n\n\t\t<style type=\"text\/css\">\n\t\t\t#gallery-1 {\n\t\t\t\tmargin: auto;\n\t\t\t}\n\t\t\t#gallery-1 .gallery-item {\n\t\t\t\tfloat: left;\n\t\t\t\tmargin-top: 10px;\n\t\t\t\ttext-align: center;\n\t\t\t\twidth: 33%;\n\t\t\t}\n\t\t\t#gallery-1 img {\n\t\t\t\tborder: 2px solid #cfcfcf;\n\t\t\t}\n\t\t\t#gallery-1 .gallery-caption {\n\t\t\t\tmargin-left: 0;\n\t\t\t}\n\t\t\t\/* see gallery_shortcode() in wp-includes\/media.php *\/\n\t\t<\/style>\n\t\t<div id='gallery-1' class='gallery galleryid-3564 gallery-columns-3 gallery-size-thumbnail'><dl class='gallery-item'>\n\t\t\t<dt class='gallery-icon portrait'>\n\t\t\t\t<a href='https:\/\/tell-erling.bplaced.net\/wordpress\/2020\/02\/schirmherr-rudolf-schreiber-sen-eroeffnet-volksschiessen-2020\/img_1503\/#main'><img loading=\"lazy\" decoding=\"async\" width=\"150\" height=\"150\" src=\"https:\/\/tell-erling.bplaced.net\/wordpress\/wp-content\/uploads\/2020\/02\/IMG_1503-150x150.jpg\" class=\"attachment-thumbnail size-thumbnail\" alt=\"\" \/><\/a>\n\t\t\t<\/dt><\/dl><dl class='gallery-item'>\n\t\t\t<dt class='gallery-icon landscape'>\n\t\t\t\t<a href='https:\/\/tell-erling.bplaced.net\/wordpress\/volksschiessen\/volksschiessen-2020\/ergebnisse-2020\/img_8797\/#main'><img loading=\"lazy\" decoding=\"async\" width=\"150\" height=\"150\" src=\"https:\/\/tell-erling.bplaced.net\/wordpress\/wp-content\/uploads\/2020\/02\/IMG_8797-150x150.jpg\" class=\"attachment-thumbnail size-thumbnail\" alt=\"\" \/><\/a>\n\t\t\t<\/dt><\/dl><dl class='gallery-item'>\n\t\t\t<dt class='gallery-icon landscape'>\n\t\t\t\t<a href='https:\/\/tell-erling.bplaced.net\/wordpress\/volksschiessen\/volksschiessen-2020\/ergebnisse-2020\/img_8838\/#main'><img loading=\"lazy\" decoding=\"async\" width=\"150\" height=\"150\" src=\"https:\/\/tell-erling.bplaced.net\/wordpress\/wp-content\/uploads\/2020\/02\/IMG_8838-150x150.jpg\" class=\"attachment-thumbnail size-thumbnail\" alt=\"\" \/><\/a>\n\t\t\t<\/dt><\/dl><br style=\"clear: both\" \/><dl class='gallery-item'>\n\t\t\t<dt class='gallery-icon landscape'>\n\t\t\t\t<a href='https:\/\/tell-erling.bplaced.net\/wordpress\/volksschiessen\/volksschiessen-2020\/ergebnisse-2020\/img_8830\/#main'><img loading=\"lazy\" decoding=\"async\" width=\"150\" height=\"150\" src=\"https:\/\/tell-erling.bplaced.net\/wordpress\/wp-content\/uploads\/2020\/02\/IMG_8830-150x150.jpg\" class=\"attachment-thumbnail size-thumbnail\" alt=\"\" \/><\/a>\n\t\t\t<\/dt><\/dl><dl class='gallery-item'>\n\t\t\t<dt class='gallery-icon portrait'>\n\t\t\t\t<a href='https:\/\/tell-erling.bplaced.net\/wordpress\/volksschiessen\/volksschiessen-2020\/ergebnisse-2020\/img_8821\/#main'><img loading=\"lazy\" decoding=\"async\" width=\"150\" height=\"150\" src=\"https:\/\/tell-erling.bplaced.net\/wordpress\/wp-content\/uploads\/2020\/02\/IMG_8821-e1581627282608-150x150.jpg\" class=\"attachment-thumbnail size-thumbnail\" alt=\"\" \/><\/a>\n\t\t\t<\/dt><\/dl><dl class='gallery-item'>\n\t\t\t<dt class='gallery-icon landscape'>\n\t\t\t\t<a href='https:\/\/tell-erling.bplaced.net\/wordpress\/volksschiessen\/volksschiessen-2020\/ergebnisse-2020\/img_8824\/#main'><img loading=\"lazy\" decoding=\"async\" width=\"150\" height=\"150\" src=\"https:\/\/tell-erling.bplaced.net\/wordpress\/wp-content\/uploads\/2020\/02\/IMG_8824-150x150.jpg\" class=\"attachment-thumbnail size-thumbnail\" alt=\"\" \/><\/a>\n\t\t\t<\/dt><\/dl><br style=\"clear: both\" \/><dl class='gallery-item'>\n\t\t\t<dt class='gallery-icon landscape'>\n\t\t\t\t<a href='https:\/\/tell-erling.bplaced.net\/wordpress\/volksschiessen\/volksschiessen-2020\/ergebnisse-2020\/img_8827\/#main'><img loading=\"lazy\" decoding=\"async\" width=\"150\" height=\"150\" src=\"https:\/\/tell-erling.bplaced.net\/wordpress\/wp-content\/uploads\/2020\/02\/IMG_8827-150x150.jpg\" class=\"attachment-thumbnail size-thumbnail\" alt=\"\" \/><\/a>\n\t\t\t<\/dt><\/dl><dl class='gallery-item'>\n\t\t\t<dt class='gallery-icon landscape'>\n\t\t\t\t<a href='https:\/\/tell-erling.bplaced.net\/wordpress\/volksschiessen\/volksschiessen-2020\/ergebnisse-2020\/img_8817\/#main'><img loading=\"lazy\" decoding=\"async\" width=\"150\" height=\"150\" src=\"https:\/\/tell-erling.bplaced.net\/wordpress\/wp-content\/uploads\/2020\/02\/IMG_8817-150x150.jpg\" class=\"attachment-thumbnail size-thumbnail\" alt=\"\" \/><\/a>\n\t\t\t<\/dt><\/dl><dl class='gallery-item'>\n\t\t\t<dt class='gallery-icon landscape'>\n\t\t\t\t<a href='https:\/\/tell-erling.bplaced.net\/wordpress\/volksschiessen\/volksschiessen-2020\/ergebnisse-2020\/img_8818\/#main'><img loading=\"lazy\" decoding=\"async\" width=\"150\" height=\"150\" src=\"https:\/\/tell-erling.bplaced.net\/wordpress\/wp-content\/uploads\/2020\/02\/IMG_8818-150x150.jpg\" class=\"attachment-thumbnail size-thumbnail\" alt=\"\" \/><\/a>\n\t\t\t<\/dt><\/dl><br style=\"clear: both\" \/><dl class='gallery-item'>\n\t\t\t<dt class='gallery-icon portrait'>\n\t\t\t\t<a href='https:\/\/tell-erling.bplaced.net\/wordpress\/volksschiessen\/volksschiessen-2020\/ergebnisse-2020\/img_8814\/#main'><img loading=\"lazy\" decoding=\"async\" width=\"150\" height=\"150\" src=\"https:\/\/tell-erling.bplaced.net\/wordpress\/wp-content\/uploads\/2020\/02\/IMG_8814-e1581627338617-150x150.jpg\" class=\"attachment-thumbnail size-thumbnail\" alt=\"\" \/><\/a>\n\t\t\t<\/dt><\/dl><dl class='gallery-item'>\n\t\t\t<dt class='gallery-icon landscape'>\n\t\t\t\t<a href='https:\/\/tell-erling.bplaced.net\/wordpress\/volksschiessen\/volksschiessen-2020\/ergebnisse-2020\/img_8832\/#main'><img loading=\"lazy\" decoding=\"async\" width=\"150\" height=\"150\" src=\"https:\/\/tell-erling.bplaced.net\/wordpress\/wp-content\/uploads\/2020\/02\/IMG_8832-150x150.jpg\" class=\"attachment-thumbnail size-thumbnail\" alt=\"\" \/><\/a>\n\t\t\t<\/dt><\/dl><dl class='gallery-item'>\n\t\t\t<dt class='gallery-icon landscape'>\n\t\t\t\t<a href='https:\/\/tell-erling.bplaced.net\/wordpress\/volksschiessen\/volksschiessen-2020\/ergebnisse-2020\/img_8795-3\/#main'><img loading=\"lazy\" decoding=\"async\" width=\"150\" height=\"150\" src=\"https:\/\/tell-erling.bplaced.net\/wordpress\/wp-content\/uploads\/2020\/02\/IMG_87952-150x150.jpg\" class=\"attachment-thumbnail size-thumbnail\" alt=\"\" \/><\/a>\n\t\t\t<\/dt><\/dl><br style=\"clear: both\" \/><dl class='gallery-item'>\n\t\t\t<dt class='gallery-icon landscape'>\n\t\t\t\t<a href='https:\/\/tell-erling.bplaced.net\/wordpress\/2020\/02\/volksschiessen-vorbereitungen-zur-preisverteilung\/img_8800-2\/#main'><img loading=\"lazy\" decoding=\"async\" width=\"150\" height=\"150\" src=\"https:\/\/tell-erling.bplaced.net\/wordpress\/wp-content\/uploads\/2020\/02\/IMG_88001-150x150.jpg\" class=\"attachment-thumbnail size-thumbnail\" alt=\"\" \/><\/a>\n\t\t\t<\/dt><\/dl><dl class='gallery-item'>\n\t\t\t<dt class='gallery-icon landscape'>\n\t\t\t\t<a href='https:\/\/tell-erling.bplaced.net\/wordpress\/2020\/02\/volksschiessen-vorbereitungen-zur-preisverteilung\/img_8799-2\/#main'><img loading=\"lazy\" decoding=\"async\" width=\"150\" height=\"150\" src=\"https:\/\/tell-erling.bplaced.net\/wordpress\/wp-content\/uploads\/2020\/02\/IMG_87991-150x150.jpg\" class=\"attachment-thumbnail size-thumbnail\" alt=\"\" \/><\/a>\n\t\t\t<\/dt><\/dl><dl class='gallery-item'>\n\t\t\t<dt class='gallery-icon landscape'>\n\t\t\t\t<a href='https:\/\/tell-erling.bplaced.net\/wordpress\/volksschiessen\/volksschiessen-2020\/ergebnisse-2020\/img_8811\/#main'><img loading=\"lazy\" decoding=\"async\" width=\"150\" height=\"150\" src=\"https:\/\/tell-erling.bplaced.net\/wordpress\/wp-content\/uploads\/2020\/02\/IMG_8811-150x150.jpg\" class=\"attachment-thumbnail size-thumbnail\" alt=\"\" \/><\/a>\n\t\t\t<\/dt><\/dl><br style=\"clear: both\" \/><dl class='gallery-item'>\n\t\t\t<dt class='gallery-icon landscape'>\n\t\t\t\t<a href='https:\/\/tell-erling.bplaced.net\/wordpress\/volksschiessen\/volksschiessen-2020\/ergebnisse-2020\/img_8812\/#main'><img loading=\"lazy\" decoding=\"async\" width=\"150\" height=\"150\" src=\"https:\/\/tell-erling.bplaced.net\/wordpress\/wp-content\/uploads\/2020\/02\/IMG_8812-150x150.jpg\" class=\"attachment-thumbnail size-thumbnail\" alt=\"\" \/><\/a>\n\t\t\t<\/dt><\/dl>\n\t\t\t<br style='clear: both' \/>\n\t\t<\/div>\n\n","protected":false},"excerpt":{"rendered":"<p>Wir bedanken uns beim Schirmherrn Rudolf Schreiber und bei den Teilnehmern des Volksschie\u00dfen 2020 sowie bei den Mitgliedern die das diesj\u00e4hrige Schie\u00dfen unterst\u00fctzt haben. Gratulation an erfolgreichen Sch\u00fctzinnen und Sch\u00fctzen! Die Ergebnisse des Volksschie\u00dfens 2020 findet ihr unter folgendem Link: Ergebnisse Volksschie\u00dfen 2020 &nbsp;<\/p>\n","protected":false},"author":8,"featured_media":0,"parent":3500,"menu_order":0,"comment_status":"closed","ping_status":"closed","template":"","meta":{"footnotes":""},"class_list":["post-3564","page","type-page","status-publish","hentry","post"],"_links":{"self":[{"href":"https:\/\/tell-erling.bplaced.net\/wordpress\/wp-json\/wp\/v2\/pages\/3564","targetHints":{"allow":["GET"]}}],"collection":[{"href":"https:\/\/tell-erling.bplaced.net\/wordpress\/wp-json\/wp\/v2\/pages"}],"about":[{"href":"https:\/\/tell-erling.bplaced.net\/wordpress\/wp-json\/wp\/v2\/types\/page"}],"author":[{"embeddable":true,"href":"https:\/\/tell-erling.bplaced.net\/wordpress\/wp-json\/wp\/v2\/users\/8"}],"replies":[{"embeddable":true,"href":"https:\/\/tell-erling.bplaced.net\/wordpress\/wp-json\/wp\/v2\/comments?post=3564"}],"version-history":[{"count":6,"href":"https:\/\/tell-erling.bplaced.net\/wordpress\/wp-json\/wp\/v2\/pages\/3564\/revisions"}],"predecessor-version":[{"id":3587,"href":"https:\/\/tell-erling.bplaced.net\/wordpress\/wp-json\/wp\/v2\/pages\/3564\/revisions\/3587"}],"up":[{"embeddable":true,"href":"https:\/\/tell-erling.bplaced.net\/wordpress\/wp-json\/wp\/v2\/pages\/3500"}],"wp:attachment":[{"href":"https:\/\/tell-erling.bplaced.net\/wordpress\/wp-json\/wp\/v2\/media?parent=3564"}],"curies":[{"name":"wp","href":"https:\/\/api.w.org\/{rel}","templated":true}]}}