{"id":3510,"date":"2019-12-28T21:45:44","date_gmt":"2019-12-28T20:45:44","guid":{"rendered":"http:\/\/tell-erling.bplaced.net\/wordpress\/?page_id=3510"},"modified":"2023-10-22T21:27:52","modified_gmt":"2023-10-22T19:27:52","slug":"volksschiessen-2017","status":"publish","type":"page","link":"https:\/\/tell-erling.bplaced.net\/wordpress\/volksschiessen\/volksschiessen-2017\/","title":{"rendered":"Volksschie\u00dfen 2017"},"content":{"rendered":"<p><a href=\"http:\/\/tell-erling.bplaced.net\/wordpress\/wp-content\/uploads\/2014\/12\/slider_logo_tell1.jpg\"><img loading=\"lazy\" decoding=\"async\" class=\"size-medium wp-image-388 aligncenter\" src=\"http:\/\/tell-erling.bplaced.net\/wordpress\/wp-content\/uploads\/2014\/12\/slider_logo_tell1-300x128.jpg\" alt=\"Logo_Tell_Volksschiessen\" width=\"300\" height=\"128\" srcset=\"https:\/\/tell-erling.bplaced.net\/wordpress\/wp-content\/uploads\/2014\/12\/slider_logo_tell1-300x128.jpg 300w, https:\/\/tell-erling.bplaced.net\/wordpress\/wp-content\/uploads\/2014\/12\/slider_logo_tell1.jpg 700w\" sizes=\"auto, (max-width: 300px) 100vw, 300px\" \/><\/a><\/p>\n<p style=\"text-align: center;\">Einladung<br \/>\nan alle Erlinger B\u00fcrgerinnen und B\u00fcrger, an alle<br \/>\nMitglieder von Erlinger Vereine und Mitarbeiter von ortsans\u00e4ssigen Firmen<br \/>\nzum<br \/>\nV o l k s s c h i e \u00df e n<br \/>\nvom<br \/>\n26. Januar bis 28. Januar 2017<\/p>\n<p style=\"text-align: center;\">Schie\u00dfzeiten:<br \/>\nDonnerstag 26.Januar 18:30 Uhr bis 23:00 Uhr<br \/>\nFreitag 27. Januar 18.00 Uhr bis 23:00 Uhr<br \/>\nSamstag 28. Januar 14:00 Uhr bis 19:00 Uhr<br \/>\nKassenschluss: jeweils \u00bd Stunde vor Schie\u00dfende<br \/>\nEinlage: 20 Schuss \u2013 8,00 \u20ac (der Betrag versteht sich einschl. Versicherung)<br \/>\nNachkauf unbeschr\u00e4nkt (10 Schuss kosten 2,&#8211;\u20ac)<\/p>\n<p style=\"text-align: center;\">Preisverteilung: Samstag, 4. Februar 2017 um 19:00 Uhr<\/p>\n<p style=\"text-align: center;\">Luftgewehre bzw. Luftpistolen und Munition werden gestellt.<br \/>\nEigene Waffen sind nicht erlaubt.<\/p>\n<p style=\"text-align: center;\">Teilnahmeberechtigt sind alle ab 10 Jahren. Minderj\u00e4hrige mit Einverst\u00e4ndnis-erkl\u00e4rung der Eltern. 10- und 11- j\u00e4hrige Teilnehmer sowie Sch\u00fctzinnen und Sch\u00fctzen ab 56 Jahre k\u00f6nnen als Hilfsmittel die Auflage benutzen.<\/p>\n<p style=\"text-align: center;\">Ermittelt werden (nur mit Wohnsitz im Ortsteil Erling):<br \/>\n&#8211; Ortsmeisterin<br \/>\n&#8211; Ortsmeister<br \/>\n&#8211; Jugendklasse: Jugend-Ortsmeisterin oder ein Jugend-Ortsmeister<br \/>\n&#8211; Altersklasse: Ortsmeisterin oder ein Ortsmeister<br \/>\n&#8211; 1.- 3. Platz Mannschaftsmeister (In die Wertung kommen die 5 besten<br \/>\nSch\u00fctzinnen\/Sch\u00fctzen einer Mannschaft)<\/p>\n<p style=\"text-align: center;\">Zur Verteilung kommen Ehrengaben, Pokale und sch\u00f6ne Sachpreise.<\/p>\n<p style=\"text-align: center;\">Die Schie\u00dfordnung des Bayrischen Sportsch\u00fctzenbundes BSSB ist ma\u00dfgebend.<\/p>\n<p style=\"text-align: center;\">Die Tell-Sch\u00fctzen Erling w\u00fcnschen allen Teilnehmern GUT SCHUSS<\/p>\n","protected":false},"excerpt":{"rendered":"<p>Einladung an alle Erlinger B\u00fcrgerinnen und B\u00fcrger, an alle Mitglieder von Erlinger Vereine und Mitarbeiter von ortsans\u00e4ssigen Firmen zum V o l k s s c h i e \u00df e n vom 26. Januar bis 28. Januar 2017 Schie\u00dfzeiten: Donnerstag 26.Januar 18:30 Uhr bis 23:00 Uhr Freitag 27. Januar 18.00 Uhr bis 23:00 Uhr [&hellip;]<\/p>\n","protected":false},"author":8,"featured_media":0,"parent":3483,"menu_order":5,"comment_status":"closed","ping_status":"closed","template":"","meta":{"footnotes":""},"class_list":["post-3510","page","type-page","status-publish","hentry","post"],"_links":{"self":[{"href":"https:\/\/tell-erling.bplaced.net\/wordpress\/wp-json\/wp\/v2\/pages\/3510","targetHints":{"allow":["GET"]}}],"collection":[{"href":"https:\/\/tell-erling.bplaced.net\/wordpress\/wp-json\/wp\/v2\/pages"}],"about":[{"href":"https:\/\/tell-erling.bplaced.net\/wordpress\/wp-json\/wp\/v2\/types\/page"}],"author":[{"embeddable":true,"href":"https:\/\/tell-erling.bplaced.net\/wordpress\/wp-json\/wp\/v2\/users\/8"}],"replies":[{"embeddable":true,"href":"https:\/\/tell-erling.bplaced.net\/wordpress\/wp-json\/wp\/v2\/comments?post=3510"}],"version-history":[{"count":1,"href":"https:\/\/tell-erling.bplaced.net\/wordpress\/wp-json\/wp\/v2\/pages\/3510\/revisions"}],"predecessor-version":[{"id":3511,"href":"https:\/\/tell-erling.bplaced.net\/wordpress\/wp-json\/wp\/v2\/pages\/3510\/revisions\/3511"}],"up":[{"embeddable":true,"href":"https:\/\/tell-erling.bplaced.net\/wordpress\/wp-json\/wp\/v2\/pages\/3483"}],"wp:attachment":[{"href":"https:\/\/tell-erling.bplaced.net\/wordpress\/wp-json\/wp\/v2\/media?parent=3510"}],"curies":[{"name":"wp","href":"https:\/\/api.w.org\/{rel}","templated":true}]}}