{"id":3508,"date":"2019-12-28T21:43:00","date_gmt":"2019-12-28T20:43:00","guid":{"rendered":"http:\/\/tell-erling.bplaced.net\/wordpress\/?page_id=3508"},"modified":"2023-10-22T21:24:21","modified_gmt":"2023-10-22T19:24:21","slug":"ergebnisse-2016","status":"publish","type":"page","link":"https:\/\/tell-erling.bplaced.net\/wordpress\/volksschiessen\/volksschiessen-2016\/ergebnisse-2016\/","title":{"rendered":"Ergebnisse 2016"},"content":{"rendered":"<p>06.02.2016<br \/>\nDas sch\u00f6ne und erfolgreiche Volksschie\u00dfen 2016 endete heute mit der Preisverteilung. In einem spannenden und auf unglaublich hohem Niveau ausgetragenem Wettkampf wurden die Titel der Dorfmeisterschaft ausgeschossen. Wir gratulieren den Gewinnern und platzierten:<\/p>\n<p>Ortsmeisterschaft Jugend:<br \/>\n1. Platz: Strau\u00df, Martina 175,8 Ringe<br \/>\n2. Platz: Albrecht, Philomena 173,9 Ringe<br \/>\n3. Platz: Benedikter, Carina 171,2 Ringe<\/p>\n<p>Ortsmeisterin:<br \/>\n1. Platz: Trauner, Petra 168,5 Ringe<br \/>\n2. Platz: Fendt, Irene 166,1 Ringe<br \/>\n3. Platz: Albrecht, Sabine 164,6 Ringe<\/p>\n<p>Ortsmeister:<br \/>\n1. Platz: Trauner, Paul 180,2 Ringe<br \/>\n2. Platz: Schwarz, Ralf 176,8 Ringe<br \/>\n3. Platz: Albrecht, Benedikt 176,7 Ringe<\/p>\n<p>Ortsmeister Hilfsmittel:<br \/>\n1. Platz: Sch\u00f6ttl, Erwin 202,1 Ringe<br \/>\n2. Platz: Koch, Friedhelm 180,0 Ringe<br \/>\n3. Platz: Baur, Ulrich 179,5 Ringe<\/p>\n<p>Ortsmannschaftsmeister Jugend:<br \/>\n1. Platz: Trachtenverein &#8211; Jugend 496,3 Ringe<br \/>\n2. Platz: Freiwillige Feuerwehr &#8211; Jugend 493,8 Ringe<\/p>\n<p>Ortsmannschaftsmeister:<br \/>\n1. Platz: Trachtenverein 864,6 Ringe<br \/>\n2. Platz: Freiwillige Feuerwehr 811,4 Ringe<br \/>\n3. Platz: Behnke-Orlando-Trauner 775,8 Ringe<\/p>\n<p>Die vollst\u00e4ndigen Ergebnisse k\u00f6nnen unter <a href=\"http:\/\/tell-erling.bplaced.net\/wordpress\/wp-content\/uploads\/2016\/02\/Ergebnisliste-Erlinger-Volksschie\u00dfen-2016.pdf\" target=\"_blank\">Ergebnisse 2016 (Klick mich)<\/a> eingesehen werden.<\/p>\n<p>Wir m\u00f6chten uns bei allen teilnehmenden Sch\u00fctzen bedanken. Alle interessierten sind herzlich Eingeladen am Mittwoch oder Freitag ab 19:00 Uhr am Training uns Schie\u00dfbetrieb teilzunehmen.<\/p>\n","protected":false},"excerpt":{"rendered":"<p>06.02.2016 Das sch\u00f6ne und erfolgreiche Volksschie\u00dfen 2016 endete heute mit der Preisverteilung. In einem spannenden und auf unglaublich hohem Niveau ausgetragenem Wettkampf wurden die Titel der Dorfmeisterschaft ausgeschossen. Wir gratulieren den Gewinnern und platzierten: Ortsmeisterschaft Jugend: 1. Platz: Strau\u00df, Martina 175,8 Ringe 2. Platz: Albrecht, Philomena 173,9 Ringe 3. Platz: Benedikter, Carina 171,2 Ringe Ortsmeisterin: [&hellip;]<\/p>\n","protected":false},"author":8,"featured_media":0,"parent":1284,"menu_order":6,"comment_status":"closed","ping_status":"closed","template":"","meta":{"footnotes":""},"class_list":["post-3508","page","type-page","status-publish","hentry","post"],"_links":{"self":[{"href":"https:\/\/tell-erling.bplaced.net\/wordpress\/wp-json\/wp\/v2\/pages\/3508","targetHints":{"allow":["GET"]}}],"collection":[{"href":"https:\/\/tell-erling.bplaced.net\/wordpress\/wp-json\/wp\/v2\/pages"}],"about":[{"href":"https:\/\/tell-erling.bplaced.net\/wordpress\/wp-json\/wp\/v2\/types\/page"}],"author":[{"embeddable":true,"href":"https:\/\/tell-erling.bplaced.net\/wordpress\/wp-json\/wp\/v2\/users\/8"}],"replies":[{"embeddable":true,"href":"https:\/\/tell-erling.bplaced.net\/wordpress\/wp-json\/wp\/v2\/comments?post=3508"}],"version-history":[{"count":1,"href":"https:\/\/tell-erling.bplaced.net\/wordpress\/wp-json\/wp\/v2\/pages\/3508\/revisions"}],"predecessor-version":[{"id":3509,"href":"https:\/\/tell-erling.bplaced.net\/wordpress\/wp-json\/wp\/v2\/pages\/3508\/revisions\/3509"}],"up":[{"embeddable":true,"href":"https:\/\/tell-erling.bplaced.net\/wordpress\/wp-json\/wp\/v2\/pages\/1284"}],"wp:attachment":[{"href":"https:\/\/tell-erling.bplaced.net\/wordpress\/wp-json\/wp\/v2\/media?parent=3508"}],"curies":[{"name":"wp","href":"https:\/\/api.w.org\/{rel}","templated":true}]}}