{"id":3504,"date":"2019-12-28T21:33:47","date_gmt":"2019-12-28T20:33:47","guid":{"rendered":"http:\/\/tell-erling.bplaced.net\/wordpress\/?page_id=3504"},"modified":"2023-10-22T21:28:39","modified_gmt":"2023-10-22T19:28:39","slug":"volksschiessen-2019","status":"publish","type":"page","link":"https:\/\/tell-erling.bplaced.net\/wordpress\/volksschiessen\/volksschiessen-2019\/","title":{"rendered":"Volksschie\u00dfen 2019"},"content":{"rendered":"<p style=\"text-align: center;\"><strong><a href=\"http:\/\/tell-erling.bplaced.net\/wordpress\/wp-content\/uploads\/2014\/12\/slider_logo_tell1.jpg\"><img loading=\"lazy\" decoding=\"async\" class=\"size-medium wp-image-388 aligncenter\" src=\"http:\/\/tell-erling.bplaced.net\/wordpress\/wp-content\/uploads\/2014\/12\/slider_logo_tell1-300x128.jpg\" alt=\"Logo_Tell_Volksschiessen\" width=\"300\" height=\"128\" srcset=\"https:\/\/tell-erling.bplaced.net\/wordpress\/wp-content\/uploads\/2014\/12\/slider_logo_tell1-300x128.jpg 300w, https:\/\/tell-erling.bplaced.net\/wordpress\/wp-content\/uploads\/2014\/12\/slider_logo_tell1.jpg 700w\" sizes=\"auto, (max-width: 300px) 100vw, 300px\" \/><\/a><\/strong><\/p>\n<p style=\"text-align: center;\"><strong>Einladung<\/strong><\/p>\n<p style=\"text-align: center;\"><strong>unter der Schirmherrschaft von Pater Lukas an alle Erlinger B\u00fcrgerinnen und B\u00fcrger, an alle Mitglieder der Erlinger Vereine und die Mitarbeiter der ortsans\u00e4ssigen Firmen<\/strong><\/p>\n<p style=\"text-align: center;\"><strong>zum<\/strong><\/p>\n<p style=\"text-align: center;\"><strong>V o l k s s c h i e \u00df e n<\/strong><\/p>\n<p style=\"text-align: center;\"><strong>vom<\/strong><\/p>\n<p style=\"text-align: center;\"><strong>24. Januar bis 26. Januar 2019<\/strong><\/p>\n<p style=\"text-align: center;\"><strong>Donnerstag\u00a0\u00a0\u00a0\u00a0\u00a0\u00a0 24. Januar\u00a0\u00a0\u00a0\u00a0\u00a0\u00a0\u00a0\u00a0\u00a0\u00a0\u00a0\u00a0\u00a0\u00a0\u00a0\u00a0 18:30 Uhr\u00a0 bis \u00a0\u00a023:00 Uhr<\/strong><\/p>\n<p style=\"text-align: center;\"><strong>Freitag\u00a0\u00a0\u00a0\u00a0\u00a0\u00a0\u00a0\u00a0\u00a0\u00a0\u00a0\u00a0\u00a0 25. Januar\u00a0\u00a0\u00a0\u00a0\u00a0\u00a0\u00a0\u00a0\u00a0\u00a0\u00a0\u00a0\u00a0\u00a0\u00a0\u00a0 18.00 Uhr\u00a0 bis \u00a0\u00a023:00 Uhr<\/strong><\/p>\n<p style=\"text-align: center;\"><strong>Samstag\u00a0\u00a0 \u00a0\u00a0\u00a0\u00a0\u00a0\u00a0\u00a0\u00a0 26. Januar\u00a0\u00a0\u00a0\u00a0\u00a0\u00a0\u00a0\u00a0\u00a0\u00a0\u00a0\u00a0\u00a0\u00a0\u00a0\u00a0 14:00 Uhr \u00a0 bis \u00a019:00 Uhr<\/strong><\/p>\n<h1 style=\"text-align: center;\">\u00a0\u00a0\u00a0\u00a0\u00a0\u00a0\u00a0 \u00a0\u00a0 Kassenschluss: \u00a0\u00a0jeweils \u00bd Stunde vor Schie\u00dfende<\/h1>\n<p style=\"text-align: center;\"><strong>Einlage: \u00a0\u00a0\u00a0\u00a0 20 Schuss \u2013 8,00 \u20ac <\/strong>(der Betrag versteht sich einschl. Versicherung)<\/p>\n<p style=\"text-align: center;\"><strong>\u00a0\u00a0\u00a0\u00a0\u00a0\u00a0\u00a0\u00a0\u00a0\u00a0\u00a0\u00a0\u00a0\u00a0\u00a0\u00a0\u00a0\u00a0\u00a0 Nachkauf unbeschr\u00e4nkt (10 Schuss kosten 2,&#8211;\u20ac)<\/strong><\/p>\n<p style=\"text-align: center;\"><strong>\u00a0Preisverteilung: \u00a0Samstag, 2. Februar 2019 um 20:00 Uhr<\/strong><\/p>\n<p style=\"text-align: center;\"><strong>Luftgewehre bzw. Luftpistolen und Munition werden gestellt.<br \/>\nEigene Waffen sind nicht erlaubt.<\/strong><\/p>\n<p style=\"text-align: center;\">Teilnahmeberechtigt sind alle ab <strong>10<\/strong> Jahren. Minderj\u00e4hrige mit Einverst\u00e4ndnis-erkl\u00e4rung der Eltern. 10- und 11- j\u00e4hrige Teilnehmer sowie Sch\u00fctzinnen und Sch\u00fctzen ab 56 Jahre k\u00f6nnen als Hilfsmittel die Auflage benutzen.<\/p>\n<p style=\"text-align: center;\">Ermittelt werden (nur mit Wohnsitz im Ortsteil Erling):<\/p>\n<ul style=\"text-align: center;\">\n<li><strong>Ortsmeisterin <\/strong><\/li>\n<li><strong>Ortsmeister<\/strong><\/li>\n<li><strong>Jugendklasse: Jugend-Ortsmeisterin oder ein Jugend-Ortsmeister <\/strong><\/li>\n<li><strong>Altersklasse: Ortsmeisterin oder ein Ortsmeister <\/strong><\/li>\n<\/ul>\n<p style=\"text-align: center;\">&#8211;\u00a0\u00a0\u00a0 <strong>1.- 3. Platz Mannschaftsmeister (In die Wertung kommen die 5 besten<br \/>\nSch\u00fctzinnen\/Sch\u00fctzen einer Mannschaft)<\/strong><\/p>\n<p style=\"text-align: center;\"><strong>Zur Verteilung kommen Ehrengaben, Pokale und sch\u00f6ne Sachpreise.<\/strong><\/p>\n<p style=\"text-align: center;\">Die Schie\u00dfordnung des Bayrischen Sportsch\u00fctzenbundes BSSB ist ma\u00dfgebend.<\/p>\n<p style=\"text-align: center;\"><strong><em>Die Tell-Sch\u00fctzen Erling w\u00fcnschen allen Teilnehmern GUT SCHUSS<\/em><\/strong><\/p>\n<p style=\"text-align: center;\"><a href=\"http:\/\/tell-erling.bplaced.net\/wordpress\/wp-content\/uploads\/2019\/01\/20190102_Einladung-Volksschie\u00dfen-am-24-26.01.2019.pdf\" target=\"_blank\">Einladung Erlinger Volksschie\u00dfen vom 24-26 Januar 2019<\/a><\/p>\n","protected":false},"excerpt":{"rendered":"<p>Einladung unter der Schirmherrschaft von Pater Lukas an alle Erlinger B\u00fcrgerinnen und B\u00fcrger, an alle Mitglieder der Erlinger Vereine und die Mitarbeiter der ortsans\u00e4ssigen Firmen zum V o l k s s c h i e \u00df e n vom 24. Januar bis 26. Januar 2019 Donnerstag\u00a0\u00a0\u00a0\u00a0\u00a0\u00a0 24. Januar\u00a0\u00a0\u00a0\u00a0\u00a0\u00a0\u00a0\u00a0\u00a0\u00a0\u00a0\u00a0\u00a0\u00a0\u00a0\u00a0 18:30 Uhr\u00a0 bis \u00a0\u00a023:00 Uhr Freitag\u00a0\u00a0\u00a0\u00a0\u00a0\u00a0\u00a0\u00a0\u00a0\u00a0\u00a0\u00a0\u00a0 [&hellip;]<\/p>\n","protected":false},"author":8,"featured_media":0,"parent":3483,"menu_order":3,"comment_status":"closed","ping_status":"closed","template":"","meta":{"footnotes":""},"class_list":["post-3504","page","type-page","status-publish","hentry","post"],"_links":{"self":[{"href":"https:\/\/tell-erling.bplaced.net\/wordpress\/wp-json\/wp\/v2\/pages\/3504","targetHints":{"allow":["GET"]}}],"collection":[{"href":"https:\/\/tell-erling.bplaced.net\/wordpress\/wp-json\/wp\/v2\/pages"}],"about":[{"href":"https:\/\/tell-erling.bplaced.net\/wordpress\/wp-json\/wp\/v2\/types\/page"}],"author":[{"embeddable":true,"href":"https:\/\/tell-erling.bplaced.net\/wordpress\/wp-json\/wp\/v2\/users\/8"}],"replies":[{"embeddable":true,"href":"https:\/\/tell-erling.bplaced.net\/wordpress\/wp-json\/wp\/v2\/comments?post=3504"}],"version-history":[{"count":2,"href":"https:\/\/tell-erling.bplaced.net\/wordpress\/wp-json\/wp\/v2\/pages\/3504\/revisions"}],"predecessor-version":[{"id":3518,"href":"https:\/\/tell-erling.bplaced.net\/wordpress\/wp-json\/wp\/v2\/pages\/3504\/revisions\/3518"}],"up":[{"embeddable":true,"href":"https:\/\/tell-erling.bplaced.net\/wordpress\/wp-json\/wp\/v2\/pages\/3483"}],"wp:attachment":[{"href":"https:\/\/tell-erling.bplaced.net\/wordpress\/wp-json\/wp\/v2\/media?parent=3504"}],"curies":[{"name":"wp","href":"https:\/\/api.w.org\/{rel}","templated":true}]}}