{"id":318,"date":"2014-12-09T15:06:53","date_gmt":"2014-12-09T14:06:53","guid":{"rendered":"http:\/\/tell-erling.bplaced.net\/wordpress\/?page_id=318"},"modified":"2026-03-04T13:36:27","modified_gmt":"2026-03-04T12:36:27","slug":"satzung","status":"publish","type":"page","link":"https:\/\/tell-erling.bplaced.net\/wordpress\/verein\/satzung\/","title":{"rendered":"Formulare und Satzung"},"content":{"rendered":"<p style=\"text-align: left;\" align=\"CENTER\"><strong>Formulare als PDF zum Download:<\/strong><\/p>\n<p style=\"text-align: left;\" align=\"CENTER\"><a href=\"http:\/\/tell-erling.bplaced.net\/wordpress\/wp-content\/uploads\/2026\/03\/Aufnahmeantrag_Lastschriftmandat-Schuetzengesellschaft-Tell-Erling-Andechs_aktuell.pdf\">Hier<\/a> Aufnahmeantrag Sch\u00fctzengesellschaft Tell Erling-Andechs e.V.<\/p>\n<p style=\"text-align: left;\" align=\"CENTER\"><a href=\"http:\/\/tell-erling.bplaced.net\/wordpress\/wp-content\/uploads\/2014\/12\/Satzung-Tell-Erling-Andechs-e.V..pdf\" target=\"_blank\" rel=\"noopener\">Hier<\/a> Sch\u00fctzengesellschaft Satzung Tell Erling-Andechs e.V.<\/p>\n<p style=\"text-align: left;\" align=\"CENTER\"><a href=\"http:\/\/tell-erling.bplaced.net\/wordpress\/wp-content\/uploads\/2019\/02\/Ordnung-der-Sch\u00fctzenjugend-i.d.-Fassung-v.-22.10.2004.pdf\" target=\"_blank\" rel=\"noopener\">Hier<\/a> Sch\u00fctzengesellschaft Jugendordnung Tell Erling-Andechs e.V.<\/p>\n<p style=\"text-align: left;\" align=\"CENTER\"><a href=\"http:\/\/tell-erling.bplaced.net\/wordpress\/wp-content\/uploads\/2019\/10\/Einverst\u00e4ndniserkl\u00e4rung-der-Erziehungsberechtigten-bei-Jugendlichen-unter-14-Jahren.pdf\" target=\"_blank\" rel=\"noopener\">Hier<\/a> Einverst\u00e4ndniserkl\u00e4rung der Erziehungsberechtigten bei Jugendlichen unter 14 Jahren<\/p>\n<p style=\"text-align: left;\" align=\"CENTER\">Anbei die Satzung im Text:<\/p>\n<p align=\"CENTER\"><strong><span style=\"font-family: Arial,sans-serif;\">Satzung<\/span><\/strong><\/p>\n<p align=\"CENTER\"><strong><span style=\"font-family: Arial,sans-serif;\">der Sch\u00fctzengesellschaft ,,TELL&#8220; Erling-Andechs<br \/>\nFassung vom Sept. 2004<\/span><\/strong><\/p>\n<p align=\"CENTER\"><span style=\"font-family: Arial,sans-serif;\">\u00a71<\/span><\/p>\n<p><span style=\"font-family: Arial,sans-serif;\"><span style=\"font-size: small;\">Name und Sitz des Vereins<\/span><\/span><\/p>\n<p><span style=\"font-family: Arial,sans-serif;\"><span style=\"font-size: small;\">1.Der Verein hat die Bezeichnung ,,Sch\u00fctzengesellschaft Tell Erling-Andechs.<\/span><\/span><\/p>\n<p><span style=\"font-family: Arial,sans-serif;\"><span style=\"font-size: small;\">2.Sitz des Vereins ist 82346 Andechs.<\/span><\/span><\/p>\n<p><span style=\"font-family: Arial,sans-serif;\"><span style=\"font-size: small;\">3 Die Sch\u00fctzengesellschaft Tell Erling-Andechs ist im Vereinsregister eingetragen.<\/span><\/span><\/p>\n<p><span style=\"font-family: Arial,sans-serif;\"><span style=\"font-size: small;\">4 Der Verein verfolgt ausschlie\u00dflich und unmittelbar gemeinn\u00fctzige Ziele zur F\u00f6rderung des Schie\u00df-Sportes und ist politisch, rassisch und konfessionell neutral.<\/span><\/span><\/p>\n<p><span style=\"font-family: Arial,sans-serif;\"><span style=\"font-size: small;\">5 Er ist dem Bayerischen Sportsch\u00fctzenbund e.V. angeschlossen und anerkennt als Mitglied dessen Satzungen.<\/span><\/span><\/p>\n<p align=\"CENTER\"><span style=\"font-family: Arial,sans-serif;\"><span style=\"font-size: medium;\">\u00a72<\/span><\/span><\/p>\n<p><span style=\"font-family: Arial,sans-serif;\"><span style=\"font-size: small;\">Der Verein ist selbstlos t\u00e4tig; er verfolgt nicht in erster Linie eigenwirtschaftliche Zwecke.<\/span><\/span><\/p>\n<p align=\"CENTER\"><span style=\"font-family: Arial,sans-serif;\"><span style=\"font-size: medium;\">\u00a73<\/span><\/span><\/p>\n<p><span style=\"font-family: Arial,sans-serif;\"><span style=\"font-size: small;\">Mittel des Vereins d\u00fcrfen nur f\u00fcr die satzungsm\u00e4\u00dfigen Zwecke verwendet werden. Die Mitglieder erhalten keine Zuwendungen aus Mitteln des Vereins.<\/span><\/span><\/p>\n<p align=\"CENTER\"><span style=\"font-family: Arial,sans-serif;\"><span style=\"font-size: medium;\">\u00a74<\/span><\/span><\/p>\n<p><span style=\"font-family: Arial,sans-serif;\"><span style=\"font-size: small;\">Es darf keine Person durch Ausgaben, die dem Zweck der K\u00f6rperschaft fremd sind, oder durch unverh\u00e4ltnism\u00e4\u00dfig hohe Verg\u00fctung beg\u00fcnstigt werden<\/span><\/span><\/p>\n<p align=\"CENTER\"><span style=\"font-family: Arial,sans-serif;\"><span style=\"font-size: medium;\">\u00a75<\/span><\/span><\/p>\n<p align=\"LEFT\"><span style=\"font-family: Arial,sans-serif;\"><span style=\"font-size: small;\">Zweck<\/span><\/span><\/p>\n<p><span style=\"font-family: Arial,sans-serif;\"><span style=\"font-size: small;\">1. Kameradschaftlicher Zusammenschluss zur F\u00f6rderung und Pflege des Schie\u00df-Sportes<\/span><\/span><\/p>\n<p><span style=\"font-family: Arial,sans-serif;\"><span style=\"font-size: small;\">2. Er dient ausschlie\u00dflich und unmittelbar sportlichen Zielen.<\/span><\/span><\/p>\n<p><span style=\"font-family: Arial,sans-serif;\"><span style=\"font-size: small;\">3. Er erstrebt keinen Gewinn und verwendet etwaige \u00dcbersch\u00fcsse ausschlie\u00dflich zu satzungsm\u00e4\u00dfigen Zwecken.<\/span><\/span><\/p>\n<p><span style=\"font-family: Arial,sans-serif;\"><span style=\"font-size: small;\">Der Satzungszweck wird verwirklicht durch die Veranstaltung von Schie\u00dfabenden, F\u00f6rderung sportlicher \u00dcbungen und Leistungen Teilnahme an Gauschie\u00dfen usw.<\/span><\/span><\/p>\n<p align=\"CENTER\"><span style=\"font-family: Arial,sans-serif;\"><span style=\"font-size: medium;\">\u00a76<\/span><\/span><\/p>\n<p align=\"CENTER\"><span style=\"font-family: Arial,sans-serif;\"><span style=\"font-size: small;\">Gesch\u00e4ftsjahr<\/span><\/span><\/p>\n<p align=\"LEFT\"><span style=\"font-family: Arial,sans-serif;\"><span style=\"font-size: small;\">Das Gesch\u00e4ftsjahr ist das Kalenderjahr<\/span><\/span><\/p>\n<p align=\"CENTER\"><span style=\"font-family: Arial,sans-serif;\"><span style=\"font-size: medium;\">\u00a77<\/span><\/span><\/p>\n<p align=\"CENTER\"><span style=\"font-family: Arial,sans-serif;\"><span style=\"font-size: small;\">Mitgliedschaft<\/span><\/span><\/p>\n<p align=\"LEFT\"><span style=\"font-family: Arial,sans-serif;\"><span style=\"font-size: small;\">1. Die Mitgliedschaft ist freiwillig.<\/span><\/span><\/p>\n<p align=\"LEFT\"><span style=\"font-family: Arial,sans-serif;\"><span style=\"font-size: small;\">2. Mitglieder k\u00f6nnen nur Personen werden, die unbescholten sind und sich in geordneten Verh\u00e4ltnissen befinden.<\/span><\/span><\/p>\n<p align=\"LEFT\"><span style=\"font-family: Arial,sans-serif;\"><span style=\"font-size: small;\">3. Der Beitritt zum Verein kann in jedem Alter erfolgen. Die aktive Teilname ist jedoch nur nach den gesetzlichen Bestimmungen m\u00f6glich<br \/>\nBei Aufnahme Jugendlicher vor Vollendung des 18. Lebensjahrs muss jedoch eine schriftliche Erlaubnis der Eltern bzw. des sorgeberechtigten vorliegen.<\/span><\/span><\/p>\n<p align=\"LEFT\"><span style=\"font-family: Arial,sans-serif;\"><span style=\"font-size: small;\">4. Die Aufnahme ist schriftlich beim Sch\u00fctzenmeister zu beantragen.<br \/>\nBeitrittswillige vor Vollendung des 18. Lebensjahres sind mit entsprechender Antragstellung und Zustimmung des Sch\u00fctzenmeisters in den Verein aufgenommen<br \/>\n\u00dcber die Aufnahme von Beitrittswilligen nach Vollendung des 18. Lebensjahres ist in der n\u00e4chstfolgenden Versammlung der Vorstands- u. Ausschussmitglieder in offener Abstimmung, mit einfacher Mehrheit der anwesenden Stimmen abzustimmen. W\u00e4hrend des laufenden Jahres aufgenommene Mitglieder haben neben der Aufnahmegeb\u00fchr den vollen Jahresbeitrag f\u00fcr das laufende Kalenderjahr zu entrichten.<\/span><\/span><\/p>\n<p align=\"LEFT\"><span style=\"font-family: Arial,sans-serif;\"><span style=\"font-size: small;\">5.Personen, die sich in besonderer Weise um den Verein verdient gemacht haben, k\u00f6nnen von der<br \/>\nGeneralversammlung auf Vorschlag der Vorstandschaft zu Ehrenmitgliedern ernannt werden.<\/span><\/span><\/p>\n<p align=\"CENTER\"><span style=\"font-family: Arial,sans-serif;\"><span style=\"font-size: medium;\">\u00a78<\/span><\/span><\/p>\n<p align=\"CENTER\"><span style=\"font-family: Arial,sans-serif;\"><span style=\"font-size: small;\">Rechte und Pflichten der Mitglieder<\/span><\/span><\/p>\n<p><span style=\"font-family: Arial,sans-serif;\"><span style=\"font-size: small;\">1. Die Mitglieder sind berechtigt, an allen Veranstaltungen des Vereins teilzunehmen und von den Einrichtungen des Vereins Gebrauch zu machen, soweit sie nicht fest verpachtet sind und nicht vereinsm\u00e2l3ige oder polizeiliche Bestimmungen dem entgegenstehen.<\/span><\/span><\/p>\n<p><span style=\"font-family: Arial,sans-serif;\"><span style=\"font-size: small;\">2. Die Mitglieder verpflichten sich, den Verein nach besten Kr\u00e4ften zu f\u00f6rdern und die von der Vereinsleitung erlassenen notwendigen Anordnungen zu respektieren.<\/span><\/span><\/p>\n<p><span style=\"font-family: Arial,sans-serif;\"><span style=\"font-size: small;\">3. Die Mitglieder verpflichten sich zu sportlichem und ehrlichem Verhalten beim Schie\u00dfen und zur rechtzeitigen Entrichtung des Jahresbeitrages.<\/span><\/span><\/p>\n<p><span style=\"font-family: Arial,sans-serif;\"><span style=\"font-size: small;\">4. Ehrenmitglieder genie\u00dfen die Rechte der Mitglieder ohne deren Pflichten.<\/span><\/span><\/p>\n<p><span style=\"font-family: Arial,sans-serif;\"><span style=\"font-size: small;\">5. Mitglieder, die das 16. Lebensjahr noch nicht vollendet haben, sind mit Ausnahme der Selbstverwaltung der Sch\u00fctzenjugend (siehe \u00a7 12), in keiner Versammlung stimm- und\/oder wahlberechtigt. .<\/span><\/span><\/p>\n<p align=\"CENTER\"><span style=\"font-family: Arial,sans-serif;\"><span style=\"font-size: medium;\">\u00a79<\/span><\/span><\/p>\n<p align=\"CENTER\"><span style=\"font-family: Arial,sans-serif;\"><span style=\"font-size: small;\">Ende der Mitgliedschaft<\/span><\/span><\/p>\n<p><span style=\"font-family: Arial,sans-serif;\"><span style=\"font-size: small;\">1. Durch den Tod. .<\/span><\/span><\/p>\n<p><span style=\"font-family: Arial,sans-serif;\"><span style=\"font-size: small;\">2. Durch Austritt, dieser kann jederzeit durch schriftliche Erkl\u00e4rung dem Vorstand gegen\u00fcber erfolgen. .<\/span><\/span><\/p>\n<p><span style=\"font-family: Arial,sans-serif;\"><span style=\"font-size: small;\">3. Durch Ausschluss, dieser kann erfolgen bei grober Verletzung der durch die Satzung festgelegten Pflichten, insbes. bei grober Verletzung von Sitte und Anstand, bei Sch\u00e4digung des Vereinsansehens und bei Nichtzahlung des Jahresbeitrages, soweit dieser nach F\u00e4lligkeit angemahnt wird und dann nicht innerhalb einer Frist von 2 Wochen zur Einzahlung gelangt..<\/span><\/span><\/p>\n<p><span style=\"font-family: Arial,sans-serif;\"><span style=\"font-size: small;\">4. Der Ausschluss kann auch erfolgen bei einer rechtskr\u00e4ftigen Verurteilung wegen eines Vergehens, er muss erfolgen bei rechtskr\u00e4ftiger Verurteilung wegen eines Verbrechens.<\/span><\/span><\/p>\n<p><span style=\"font-family: Arial,sans-serif;\"><span style=\"font-size: small;\">5. Der Ausschluss erfolgt durch geheime Abstimmung der Mitgliederversammlung.<\/span><\/span><\/p>\n<p><span style=\"font-family: Arial,sans-serif;\"><span style=\"font-size: small;\">6. Vor der Abstimmung muss das auszuschlie\u00dfende Mitglied geh\u00f6rt werden.<\/span><\/span><\/p>\n<p><span style=\"font-family: Arial,sans-serif;\"><span style=\"font-size: small;\">7. Bei Beendigung der .Mitgliedschaft findet weder eine R\u00fcckzahlung von Beitr\u00e4gen noch sonstiger Zuwendungen statt.<\/span><\/span><\/p>\n<p><span style=\"font-family: Arial,sans-serif;\"><span style=\"font-size: small;\">8. Aus dem Verein ausgetretene oder ausgeschlossene Mitglieder verlieren jeden Anspruch gegen\u00fcber dem Verein.<\/span><\/span><\/p>\n<p align=\"CENTER\"><span style=\"font-family: Arial,sans-serif;\"><span style=\"font-size: medium;\">\u00a710<\/span><\/span><\/p>\n<p align=\"CENTER\"><span style=\"font-family: Arial,sans-serif;\"><span style=\"font-size: small;\">Beitr\u00e4ge der Mitglieder<\/span><\/span><\/p>\n<p><span style=\"font-family: Arial,sans-serif;\"><span style=\"font-size: small;\">1. Der Verein erhebt bei Aufnahme eine einmalige Aufnahmegeb\u00fchr.<\/span><\/span><\/p>\n<p><span style=\"font-family: Arial,sans-serif;\"><span style=\"font-size: small;\">2. Der Verein erhebt von seinen Mitgliedern einen Jahresbeitrag<\/span><\/span><\/p>\n<p><span style=\"font-family: Arial,sans-serif;\"><span style=\"font-size: small;\">3. Die Hohe der Aufnahmegeb\u00fchr und des Jahresbeitrags werden bei der Mitgliederversammlung festgesetzt und gelten bis zu einem anderweitigen Beschluss in einer folgenden Mitgliederversammlung<\/span><\/span><\/p>\n<p><span style=\"font-family: Arial,sans-serif;\"><span style=\"font-size: small;\">4. Alle Einnahmen dienen zur Bestreitung des anfallenden Vereinsaufwandes<\/span><\/span><\/p>\n<p><span style=\"font-family: Arial,sans-serif;\"><span style=\"font-size: small;\">5. Der Jahresbeitrag ist f\u00e4llig bis sp\u00e4testens zum Endschie\u00dfen des laufenden Kalenderjahres.<\/span><\/span><\/p>\n<p align=\"CENTER\"><span style=\"font-family: Arial,sans-serif;\"><span style=\"font-size: medium;\">\u00a711<\/span><\/span><\/p>\n<p align=\"CENTER\"><span style=\"font-family: Arial,sans-serif;\"><span style=\"font-size: small;\">Organe des Vereins<\/span><\/span><\/p>\n<p><span style=\"font-family: Arial,sans-serif;\"><span style=\"font-size: small;\">1 Die Vorstandschaft (Sch\u00fctzenmeisteramt)<\/span><\/span><\/p>\n<p><span style=\"font-family: Arial,sans-serif;\"><span style=\"font-size: small;\">1.1 die Vorstandschaft besteht aus dem 1 und 2 Sch\u00fctzenmeister, einem Schriftf\u00fchrer, einem Kassier, einem Kassier Steilvertreter, einem Sportleiter, einem Sportleiter Steilvertreter und einem Jugendleiter und dessen Stellvertreter. Vorstand im Sinne des \u00a726 BUB sind der 1 und 2 Sch\u00fctzenmeister, beide sind Einzel vertretungsberechtigt Im Innenverh\u00e4ltnis gilt dass der 2 Sch\u00fctzenmeister zur Vertretung des Vereins nur berechtigt ist wenn der 1 Sch\u00fctzenmeister verhindert ist.<\/span><\/span><\/p>\n<p><span style=\"font-family: Arial,sans-serif;\"><span style=\"font-size: small;\">Die Mitglieder der Vorstandschaft werden mit Ausnahme des 1 u 2 Jugendleiters die von der Sch\u00fctzenjugend separat gew\u00e4hlt werden in der Mitgliederversammlung in geheimer Wahl mit einfacher Mehrheit f\u00fcr die Dauer von 3 Jahren gew\u00e4hlt Sie bleiben bis zur n\u00e4chsten Wahl im Amt. Der derzeitige Vorstand vertritt den Verein bis der eventuell neu gew\u00e4hlte Vorstand im Vereinsregister beim Amtsgericht eingetragen ist<\/span><\/span><\/p>\n<p><span style=\"font-family: Arial,sans-serif;\"><span style=\"font-size: small;\">In ihren Sitzungen entscheidet die Vorstandschaft mit einfacher Stimmenmehrheit. Bei Stimmgleichheit entscheidet der Sch\u00fctzenmeister. \u00dcber die Sitzungen und die dort gefassten Beschl\u00fcsse ist Protokoll zu f\u00fchren<\/span><\/span><\/p>\n<p><span style=\"font-family: Arial,sans-serif;\"><span style=\"font-size: small;\">2 Der Ausschuss<\/span><\/span><\/p>\n<p><span style=\"font-family: Arial,sans-serif;\"><span style=\"font-size: small;\">2.1 Der Ausschuss besteht bis zu 50 Vereinsmitgliedern aus 3 bis zu 100 Mitgliedern aus 5 und \u00fcber 100 Mitgliedern aus 7 Personen die Mitglieder des Vereins sein m\u00fcssen.<\/span><\/span><\/p>\n<p><span style=\"font-family: Arial,sans-serif;\"><span style=\"font-size: small;\">Die Ausschussmitglieder werden in offener Abstimmung , durch die Mitgliederversammlung mit einfacher Stimmenmehrheit auf die gleiche Dauer wie die Vorstandschaft gew\u00e4hlt<\/span><\/span><\/p>\n<p><span style=\"font-family: Arial,sans-serif;\"><span style=\"font-size: small;\">Ein Mitglied des Sch\u00fctzenmeisteramtes kann nicht gleichzeitig im Sch\u00fctzenmeisteramt einer anderen Sch\u00fctzengesellschaft sein<\/span><\/span><\/p>\n<p><span style=\"font-family: Arial,sans-serif;\"><span style=\"font-size: small;\">Der Ausschuss wird durch den 1 bzw. 2 Vorsitzenden einberufen<\/span><\/span><\/p>\n<p><span style=\"font-family: Arial,sans-serif;\"><span style=\"font-size: small;\">S\u00e4mtliche Organe des Vereins \u00fcben ihre T\u00e4tigkeit ehrenamtlich aus<\/span><\/span><\/p>\n<p><span style=\"font-family: Arial,sans-serif;\"><span style=\"font-size: small;\">3 Die Mitgliederversammlung<\/span><\/span><\/p>\n<p><span style=\"font-family: Arial,sans-serif;\"><span style=\"font-size: small;\">3.1 Die ordentliche Mitgliederversammlung tritt einmal im Jahr zusammen.<\/span><\/span><\/p>\n<p><span style=\"font-family: Arial,sans-serif;\"><span style=\"font-size: small;\">Sie wird vom 1 Sch\u00fctzenmeister, im Falle seiner Verhinderung vom 2 Sch\u00fctzenmeister, durch pers\u00f6nliches Anschreiben einberufen.<\/span><\/span><\/p>\n<p><span style=\"font-family: Arial,sans-serif;\"><span style=\"font-size: small;\">Die Einladung hat mindestens 8 Tage vorher zu erfolgen<\/span><\/span><\/p>\n<p><span style=\"font-family: Arial,sans-serif;\"><span style=\"font-size: small;\">die Tagesordnung erstreckt sich im Allgemeinen auf folgende Punkte.<\/span><\/span><\/p>\n<p><span style=\"font-family: Arial,sans-serif;\"><span style=\"font-size: small;\">4 Bericht des 1 Vorsitzenden Kassiers, Schriftf\u00fchrers Kassenpr\u00fcfers Sportwartes<\/span><\/span><\/p>\n<p><span style=\"font-family: Arial,sans-serif;\"><span style=\"font-size: small;\">5.Entlastung der Vorstandschaft<\/span><\/span><\/p>\n<p><span style=\"font-family: Arial,sans-serif;\"><span style=\"font-size: small;\">6 Neuwahlen<\/span><\/span><\/p>\n<p><span style=\"font-family: Arial,sans-serif;\"><span style=\"font-size: small;\">7 Festlegung des Beitrages und der Aufnahmegeb\u00fchr<\/span><\/span><\/p>\n<p><span style=\"font-family: Arial,sans-serif;\"><span style=\"font-size: small;\">8. Satzungs\u00e4nderungen<\/span><\/span><\/p>\n<p><span style=\"font-family: Arial,sans-serif;\"><span style=\"font-size: small;\">9 Verschiedenes<\/span><\/span><\/p>\n<p><span style=\"font-family: Arial,sans-serif;\"><span style=\"font-size: small;\">Antr\u00e4ge zur ordentlichen Mitgliederversammlung m\u00fcssen mindestens 3 Tage vor der Versammlung beim 1 Sch\u00fctzenmeister schriftlich eingereicht weiden Die Mitgliederversammlung ist beschlussf\u00e4hig, wenn sie ordnungsgem\u00e4\u00df einberufen wurde Sie entscheidet mit einfacher Stimmenmehrheit der Anwesenden Bei einer Satzungs\u00e4nderung ist eine 3\/4 Mehrheit der Anwesenden.erforderlich.<br \/>\n\u00dcber die Versammlung und deren Beschl\u00fcsse ist Protokoll zu f\u00fchren und vom Schriftf\u00fchrer und dem<br \/>\n1 .Sch\u00fctzenmeister, vertretungsweise dem 2. Sch\u00fctzenmeister zu unterschreiben.<\/span><\/span><\/p>\n<p><span style=\"font-family: Arial,sans-serif;\"><span style=\"font-size: small;\">Eine aul3erordentliche Mitgliederversammlung ist einzuberufen, wenn besondere Gr\u00fcnde hierf\u00fcr gegeben sind, oder 1\/3 der Mitglieder schriftlich unter Angabe des Zwecks bei der Vorstandschaft das Verlangen stellt.<\/span><\/span><\/p>\n<p><span style=\"font-family: Arial,sans-serif;\"><span style=\"font-size: small;\">Im Innenverh\u00e4ltnis gilt:<\/span><\/span><\/p>\n<p><span style=\"font-family: Arial,sans-serif;\"><span style=\"font-size: small;\">Die Vorstandschaft ist berechtigt, nach Beschlussfassung durch Vorstand und Ausschuss Ausgaben f\u00fcr einmalige Anschaffungen bis 1000,&#8211; \u20ac im Einzelfall ohne vorige Zustimmung der Mitgliederversammlung zu t\u00e4tigen. Die Berichterstattung \u00fcber diese Ausgaben hat durch den Kassier in der n\u00e4chsten Mitgliederversammlung zu erfolgen.<\/span><\/span><\/p>\n<p align=\"CENTER\"><span style=\"font-family: Arial,sans-serif;\"><span style=\"font-size: medium;\">\u00a712<\/span><\/span><\/p>\n<p align=\"CENTER\"><span style=\"font-family: Arial,sans-serif;\"><span style=\"font-size: small;\">Sch\u00fctzenjugend<\/span><\/span><\/p>\n<p><span style=\"font-family: Arial,sans-serif;\"><span style=\"font-size: small;\">1. Die Mitglieder bis zum vollendeten 27. Lebensjahr bilden die Sch\u00fctzenjugend. Unber\u00fchrt bleiben die Altersgrenzen f\u00fcr Beitragsfestsetzung und Sportbestimmungen. Die Sch\u00fctzenjugend gibt sich eine Jugendordnung. Sie ist durch die Vorstandschaft zu best\u00e4tigen, wenn sie nicht gegen die Satzung oder deren Sinn und Zweck verst\u00f6l3t<\/span><\/span><\/p>\n<p><span style=\"font-family: Arial,sans-serif;\"><span style=\"font-size: small;\">2. Die Sch\u00fctzenjugend f\u00fchrt und verwaltet sich selbst nach Ma\u00dfgabe der Vereinssatzung und der Jugendordnung. Die erforderlichen Mittel werden ihr im Rahmen des Haushaltsplanes des Vereins zur Verf\u00fcgung gestellt. Sie entscheidet \u00fcber deren Verwendung eigenst\u00e4ndig, jedoch unter Beachtung der Vereinssatzung und der Jugendordnung.<\/span><\/span><\/p>\n<p><span style=\"font-family: Arial,sans-serif;\"><span style=\"font-size: small;\">3. Die Vorstandschaft ist berechtigt, sich \u00fcber die Gesch\u00e4ftsf\u00fchrung der Jugend zu unterrichten.<\/span><\/span><\/p>\n<p><span style=\"font-family: Arial,sans-serif;\"><span style=\"font-size: small;\">Sie muss Beschl\u00fcsse, die gegen die Satzung oder deren Sinn versto\u00dfen oder ihnen widersprechen, beanstanden und zur erneuten Beratung zur\u00fcckgeben Werden sie nicht ge\u00e4ndert, entscheidet die Vorstandschaft endg\u00fcltig.<\/span><\/span><\/p>\n<p align=\"CENTER\"><span style=\"font-family: Arial,sans-serif;\"><span style=\"font-size: medium;\">\u00a713<\/span><\/span><\/p>\n<p><span style=\"font-family: Arial,sans-serif;\"><span style=\"font-size: small;\">Aufl\u00f6sung des I Vereins<\/span><\/span><\/p>\n<p><span style=\"font-family: Arial,sans-serif;\"><span style=\"font-size: small;\">1. Der Verein kann nur durch Beschluss einer hierf\u00fcr einberufenen Mitgliederversammlung aufgel\u00f6st werden. Zu dem Beschluss ist eine 3\/4 Mehrheit der erschienenen Mitglieder erforderlich<\/span><\/span><\/p>\n<p><span style=\"font-family: Arial,sans-serif;\"><span style=\"font-size: small;\">2. Nach \u00a773 BGB gilt der Verein als aufgel\u00f6st, wenn er weniger als 3 Mitglieder hat.<\/span><\/span><\/p>\n<p><span style=\"font-family: Arial,sans-serif;\"><span style=\"font-size: small;\">3. Im Falle einer Aufl\u00f6sung oder Aufhebung des Vereins oder bei Wegfall des bisherigen Zwecks ist das nach Erf\u00fcllung der Verpflichtungen noch vorhandene Verm\u00f6gen an die Gemeinde Andechs zur unmittelbaren F\u00f6rderung von Bildung und Erziehung zu \u00fcbergeben.<\/span><\/span><\/p>\n<p align=\"CENTER\"><span style=\"font-family: Arial,sans-serif;\"><span style=\"font-size: medium;\">\u00a714<\/span><\/span><\/p>\n<p><span style=\"font-family: Arial,sans-serif;\"><span style=\"font-size: small;\">Diese Satzung tritt 8 Tage nach ihrer Beschlussfassung durch die Versammlung in Kraft.<\/span><\/span><\/p>\n<p><span style=\"font-family: Arial,sans-serif;\"><span style=\"font-size: small;\">Sch\u00fctzengesellschaft ,,TeIl\u201c Erling-Andechs<\/span><\/span><\/p>\n<p><span style=\"font-family: Arial,sans-serif;\"><span style=\"font-size: small;\">1. Sch\u00fctzenmeister<\/span><\/span><\/p>\n","protected":false},"excerpt":{"rendered":"<p>Formulare als PDF zum Download: Hier Aufnahmeantrag Sch\u00fctzengesellschaft Tell Erling-Andechs e.V. Hier Sch\u00fctzengesellschaft Satzung Tell Erling-Andechs e.V. Hier Sch\u00fctzengesellschaft Jugendordnung Tell Erling-Andechs e.V. Hier Einverst\u00e4ndniserkl\u00e4rung der Erziehungsberechtigten bei Jugendlichen unter 14 Jahren Anbei die Satzung im Text: Satzung der Sch\u00fctzengesellschaft ,,TELL&#8220; Erling-Andechs Fassung vom Sept. 2004 \u00a71 Name und Sitz des Vereins 1.Der Verein hat [&hellip;]<\/p>\n","protected":false},"author":1,"featured_media":0,"parent":62,"menu_order":5,"comment_status":"closed","ping_status":"closed","template":"","meta":{"footnotes":""},"class_list":["post-318","page","type-page","status-publish","hentry","post"],"_links":{"self":[{"href":"https:\/\/tell-erling.bplaced.net\/wordpress\/wp-json\/wp\/v2\/pages\/318","targetHints":{"allow":["GET"]}}],"collection":[{"href":"https:\/\/tell-erling.bplaced.net\/wordpress\/wp-json\/wp\/v2\/pages"}],"about":[{"href":"https:\/\/tell-erling.bplaced.net\/wordpress\/wp-json\/wp\/v2\/types\/page"}],"author":[{"embeddable":true,"href":"https:\/\/tell-erling.bplaced.net\/wordpress\/wp-json\/wp\/v2\/users\/1"}],"replies":[{"embeddable":true,"href":"https:\/\/tell-erling.bplaced.net\/wordpress\/wp-json\/wp\/v2\/comments?post=318"}],"version-history":[{"count":18,"href":"https:\/\/tell-erling.bplaced.net\/wordpress\/wp-json\/wp\/v2\/pages\/318\/revisions"}],"predecessor-version":[{"id":4460,"href":"https:\/\/tell-erling.bplaced.net\/wordpress\/wp-json\/wp\/v2\/pages\/318\/revisions\/4460"}],"up":[{"embeddable":true,"href":"https:\/\/tell-erling.bplaced.net\/wordpress\/wp-json\/wp\/v2\/pages\/62"}],"wp:attachment":[{"href":"https:\/\/tell-erling.bplaced.net\/wordpress\/wp-json\/wp\/v2\/media?parent=318"}],"curies":[{"name":"wp","href":"https:\/\/api.w.org\/{rel}","templated":true}]}}