{"id":221,"date":"2014-12-09T08:44:08","date_gmt":"2014-12-09T07:44:08","guid":{"rendered":"http:\/\/tell-erling.bplaced.net\/wordpress\/?page_id=221"},"modified":"2019-12-28T20:21:09","modified_gmt":"2019-12-28T19:21:09","slug":"gemeindepokal-der-stockschuetzen","status":"publish","type":"page","link":"https:\/\/tell-erling.bplaced.net\/wordpress\/verein\/foto-gallerien\/gemeindepokal-der-stockschuetzen\/","title":{"rendered":"Gemeindepokal der Stocksch\u00fctzen"},"content":{"rendered":"<p>Mit gro\u00dfem Erfolg nahm die Hobbymannschaft der &#8222;Tell&#8220; Sch\u00fctzen am diesj\u00e4hrigem Gemeindepokal der Stocksch\u00fctzen teil.<\/p>\n<p>Am 11,10,2014 trafen sich 10 Hobby-, und Freizeitmannschaften auf der Bahn der Erlinger Stocksch\u00fctzen zum Wettkampf um den diesj\u00e4hrigen Gemeindepokal.<\/p>\n<p>Nach \u00dcberagendem Gewinn der Gruppenphase mussten wir uns nur im Finale dem Team der Einspritzer geschlagen geben und beendeten das Turnier mit einem erfolgreichen zweiten Platz.<\/p>\n<p>Das Team (Dieter Wiechmann, Christian Simmel, Marco Kagerer,Herbert Rieger) freut sich schon auf eine Revanche n\u00e4chstes Jahr.<\/p>\n","protected":false},"excerpt":{"rendered":"<p>Mit gro\u00dfem Erfolg nahm die Hobbymannschaft der &#8222;Tell&#8220; Sch\u00fctzen am diesj\u00e4hrigem Gemeindepokal der Stocksch\u00fctzen teil. Am 11,10,2014 trafen sich 10 Hobby-, und Freizeitmannschaften auf der Bahn der Erlinger Stocksch\u00fctzen zum Wettkampf um den diesj\u00e4hrigen Gemeindepokal. Nach \u00dcberagendem Gewinn der Gruppenphase mussten wir uns nur im Finale dem Team der Einspritzer geschlagen geben und beendeten das [&hellip;]<\/p>\n","protected":false},"author":1,"featured_media":0,"parent":475,"menu_order":0,"comment_status":"open","ping_status":"closed","template":"","meta":{"footnotes":""},"class_list":["post-221","page","type-page","status-publish","hentry","post"],"_links":{"self":[{"href":"https:\/\/tell-erling.bplaced.net\/wordpress\/wp-json\/wp\/v2\/pages\/221","targetHints":{"allow":["GET"]}}],"collection":[{"href":"https:\/\/tell-erling.bplaced.net\/wordpress\/wp-json\/wp\/v2\/pages"}],"about":[{"href":"https:\/\/tell-erling.bplaced.net\/wordpress\/wp-json\/wp\/v2\/types\/page"}],"author":[{"embeddable":true,"href":"https:\/\/tell-erling.bplaced.net\/wordpress\/wp-json\/wp\/v2\/users\/1"}],"replies":[{"embeddable":true,"href":"https:\/\/tell-erling.bplaced.net\/wordpress\/wp-json\/wp\/v2\/comments?post=221"}],"version-history":[{"count":2,"href":"https:\/\/tell-erling.bplaced.net\/wordpress\/wp-json\/wp\/v2\/pages\/221\/revisions"}],"predecessor-version":[{"id":313,"href":"https:\/\/tell-erling.bplaced.net\/wordpress\/wp-json\/wp\/v2\/pages\/221\/revisions\/313"}],"up":[{"embeddable":true,"href":"https:\/\/tell-erling.bplaced.net\/wordpress\/wp-json\/wp\/v2\/pages\/475"}],"wp:attachment":[{"href":"https:\/\/tell-erling.bplaced.net\/wordpress\/wp-json\/wp\/v2\/media?parent=221"}],"curies":[{"name":"wp","href":"https:\/\/api.w.org\/{rel}","templated":true}]}}