{"id":211,"date":"2014-12-09T08:06:16","date_gmt":"2014-12-09T07:06:16","guid":{"rendered":"http:\/\/tell-erling.bplaced.net\/wordpress\/?page_id=211"},"modified":"2023-10-22T21:23:07","modified_gmt":"2023-10-22T19:23:07","slug":"volksschiessen-2015","status":"publish","type":"page","link":"https:\/\/tell-erling.bplaced.net\/wordpress\/volksschiessen\/volksschiessen-2015\/","title":{"rendered":"Volksschie\u00dfen 2015"},"content":{"rendered":"<p>Ergebnisse zum Volkschie\u00dfen finden Sie <a title=\"Ergebnisse Volkschie\u00dfen 2015\" href=\"http:\/\/tell-erling.bplaced.net\/wordpress\/?page_id=599\" target=\"_blank\">hier<\/a><\/p>\n<p><a href=\"http:\/\/tell-erling.bplaced.net\/wordpress\/wp-content\/uploads\/2014\/12\/Logo_Tell_Volksschiessen.jpg\"><img loading=\"lazy\" decoding=\"async\" class=\"wp-image-388 aligncenter\" src=\"http:\/\/tell-erling.bplaced.net\/wordpress\/wp-content\/uploads\/2014\/12\/Logo_Tell_Volksschiessen-300x98.jpg\" alt=\"Logo_Tell_Volksschiessen\" width=\"422\" height=\"138\" \/><\/a><\/p>\n<p>&nbsp;<\/p>\n<p>&nbsp;<\/p>\n<p><strong>\u00a0<\/strong><\/p>\n<p style=\"text-align: center;\"><strong>Einladung<\/strong><\/p>\n<p style=\"text-align: center;\"><strong>an alle Erlinger B\u00fcrgerinnen und B\u00fcrger,<\/strong><\/p>\n<p style=\"text-align: center;\"><strong>Mitglieder Erlinger Vereine und ortsans\u00e4ssiger Firmen<\/strong><\/p>\n<p style=\"text-align: center;\"><strong>zum<\/strong><\/p>\n<p style=\"text-align: center;\"><strong>V o l k s s c h i e \u00df e n<\/strong><\/p>\n<p style=\"text-align: center;\"><strong>vom\u00a0<\/strong><\/p>\n<p style=\"text-align: center;\"><strong>29. Januar bis 31. Januar 2015<\/strong><\/p>\n<p>&nbsp;<\/p>\n<p>Schie\u00dfzeiten:<\/p>\n<p><strong>Donnerstag\u00a0\u00a0\u00a0\u00a0\u00a0\u00a0\u00a0 29.Januar\u00a0\u00a0\u00a0\u00a0\u00a0\u00a0\u00a0\u00a0\u00a0 \u00a0\u00a0\u00a0\u00a0\u00a0\u00a0\u00a0\u00a0 18:30 Uhr bis 23:00 Uhr<\/strong><\/p>\n<p><strong>Freitag\u00a0\u00a0\u00a0\u00a0\u00a0\u00a0\u00a0\u00a0\u00a0\u00a0\u00a0\u00a0\u00a0\u00a0 30. Januar\u00a0\u00a0\u00a0\u00a0\u00a0\u00a0\u00a0\u00a0\u00a0\u00a0\u00a0\u00a0\u00a0\u00a0\u00a0\u00a0\u00a0\u00a0 18.00 Uhr bis 23:00 Uhr<\/strong><\/p>\n<p><strong>Samstag\u00a0\u00a0 \u00a0\u00a0\u00a0\u00a0\u00a0\u00a0\u00a0\u00a0 31. Januar\u00a0\u00a0\u00a0\u00a0\u00a0\u00a0\u00a0\u00a0\u00a0\u00a0\u00a0\u00a0\u00a0\u00a0\u00a0\u00a0\u00a0\u00a0 14:00 Uhr bis 19:00 Uhr<\/strong><\/p>\n<h1 style=\"text-align: center;\"><\/h1>\n<h1 style=\"text-align: center;\">Kassenschluss: \u00a0jeweils \u00bd Stunde vor Schie\u00dfende<\/h1>\n<p>&nbsp;<\/p>\n<p><strong>Einlage: \u00a0\u00a0\u00a0 20 Schuss \u2013 8,00 \u20ac <\/strong>(der Betrag versteht sich einschl. Versicherung)<\/p>\n<p><strong>\u00a0 \u00a0 \u00a0 \u00a0 \u00a0 \u00a0 \u00a0 \u00a0 \u00a0 \u00a0 \u00a0 \u00a0 Nachkauf unbeschr\u00e4nkt ( 10 Schuss kosten 2,&#8211;\u20ac)<\/strong><\/p>\n<p><strong>\u00a0<\/strong><\/p>\n<p><strong>Preisverteilung: Samstag, 7. Februar 2015 um 19:00 Uhr<\/strong><\/p>\n<p><strong>\u00a0<\/strong><\/p>\n<p><strong>Luftgewehre bzw. Luftpistolen und Munition werden gestellt!\u00a0<\/strong><strong>Eigene Waffen sind nicht erlaubt.<\/strong><\/p>\n<p>&nbsp;<\/p>\n<p>Teilnahmeberechtigt sind alle ab <strong>10<\/strong> Jahren. (Minderj\u00e4hrige mit Einverst\u00e4ndniserkl\u00e4rung\u00a0der Eltern)<\/p>\n<p>Teilnehmer 10 und 11- j\u00e4hrige sowie ab 56 Jahre k\u00f6nnen als Hilfsmittel die\u00a0Auflage benutzen.<\/p>\n<p>&nbsp;<\/p>\n<p>Ermittelt werden (nur mit Wohnsitz im Ortsteil Erling)<\/p>\n<p>&#8211; \u00a0 eine <strong>Ortsmeisterin und ein Ortsmeister, eine Ortsmeisterin oder ein Ortsmeister Altersklasse <\/strong>sowie<strong> eine Jugend-Ortsmeisterin oder ein\u00a0<\/strong><strong>Jugend-Ortsmeister<\/strong><\/p>\n<p>&#8211;\u00a0\u00a0 beim <strong>Mannschafts \u2013 Vergleichsschie\u00dfen<\/strong> die 3 besten Mannschaften<\/p>\n<p>(Mannschaft: Mindestens 5 Sch\u00fctzen einer frei gew\u00e4hlten Mannschaft)<\/p>\n<p><strong>\u00a0<\/strong><\/p>\n<p><strong>Zur Verteilung kommen Ehrengaben, Pokale und sch\u00f6ne Sachpreise.<\/strong><\/p>\n<p>&nbsp;<\/p>\n<p>Die Schie\u00dfordnung des Bayrischen Sportsch\u00fctzenbundes BSSB ist ma\u00dfgebend.<\/p>\n<p><strong><em>Die SG Tell w\u00fcnscht allen Teilnehmern GUT SCHUSS<\/em><\/strong><\/p>\n","protected":false},"excerpt":{"rendered":"<p>Ergebnisse zum Volkschie\u00dfen finden Sie hier &nbsp; &nbsp; \u00a0 Einladung an alle Erlinger B\u00fcrgerinnen und B\u00fcrger, Mitglieder Erlinger Vereine und ortsans\u00e4ssiger Firmen zum V o l k s s c h i e \u00df e n vom\u00a0 29. Januar bis 31. Januar 2015 &nbsp; Schie\u00dfzeiten: Donnerstag\u00a0\u00a0\u00a0\u00a0\u00a0\u00a0\u00a0 29.Januar\u00a0\u00a0\u00a0\u00a0\u00a0\u00a0\u00a0\u00a0\u00a0 \u00a0\u00a0\u00a0\u00a0\u00a0\u00a0\u00a0\u00a0 18:30 Uhr bis 23:00 Uhr Freitag\u00a0\u00a0\u00a0\u00a0\u00a0\u00a0\u00a0\u00a0\u00a0\u00a0\u00a0\u00a0\u00a0\u00a0 30. [&hellip;]<\/p>\n","protected":false},"author":1,"featured_media":110,"parent":3483,"menu_order":7,"comment_status":"open","ping_status":"closed","template":"","meta":{"footnotes":""},"class_list":["post-211","page","type-page","status-publish","has-post-thumbnail","hentry","post","post-with-thumbnail","post-with-thumbnail-large"],"_links":{"self":[{"href":"https:\/\/tell-erling.bplaced.net\/wordpress\/wp-json\/wp\/v2\/pages\/211","targetHints":{"allow":["GET"]}}],"collection":[{"href":"https:\/\/tell-erling.bplaced.net\/wordpress\/wp-json\/wp\/v2\/pages"}],"about":[{"href":"https:\/\/tell-erling.bplaced.net\/wordpress\/wp-json\/wp\/v2\/types\/page"}],"author":[{"embeddable":true,"href":"https:\/\/tell-erling.bplaced.net\/wordpress\/wp-json\/wp\/v2\/users\/1"}],"replies":[{"embeddable":true,"href":"https:\/\/tell-erling.bplaced.net\/wordpress\/wp-json\/wp\/v2\/comments?post=211"}],"version-history":[{"count":15,"href":"https:\/\/tell-erling.bplaced.net\/wordpress\/wp-json\/wp\/v2\/pages\/211\/revisions"}],"predecessor-version":[{"id":3485,"href":"https:\/\/tell-erling.bplaced.net\/wordpress\/wp-json\/wp\/v2\/pages\/211\/revisions\/3485"}],"up":[{"embeddable":true,"href":"https:\/\/tell-erling.bplaced.net\/wordpress\/wp-json\/wp\/v2\/pages\/3483"}],"wp:featuredmedia":[{"embeddable":true,"href":"https:\/\/tell-erling.bplaced.net\/wordpress\/wp-json\/wp\/v2\/media\/110"}],"wp:attachment":[{"href":"https:\/\/tell-erling.bplaced.net\/wordpress\/wp-json\/wp\/v2\/media?parent=211"}],"curies":[{"name":"wp","href":"https:\/\/api.w.org\/{rel}","templated":true}]}}