{"id":166,"date":"2014-12-08T17:19:27","date_gmt":"2014-12-08T16:19:27","guid":{"rendered":"http:\/\/tell-erling.bplaced.net\/wordpress\/?page_id=166"},"modified":"2014-12-08T22:08:15","modified_gmt":"2014-12-08T21:08:15","slug":"preisschiessen","status":"publish","type":"page","link":"https:\/\/tell-erling.bplaced.net\/wordpress\/die-disziplinen\/zimmerstutzen\/preisschiessen\/","title":{"rendered":"Preisschiessen"},"content":{"rendered":"<p>Auf dieser Seite finden sich die Berichte zu den Aktivit\u00e4ten der Traditionssch\u00fctzen &#8211; au\u00dferhalb der Vereinsmeisterschaft.<\/p>\n<p>Soweit nicht anders angegeben k\u00f6nnen die detaillierten Ergebnisse auf <a href=\"http:\/\/www.feuerbixler.de\/ergebnis.html\" target=\"_blank\">feuerbixler.de<\/a> nachgelesen werden. Hier werden sie in der Regel sehr aktuell und \u00fcbersichtlich abgelegt.<\/p>\n","protected":false},"excerpt":{"rendered":"<p>Auf dieser Seite finden sich die Berichte zu den Aktivit\u00e4ten der Traditionssch\u00fctzen &#8211; au\u00dferhalb der Vereinsmeisterschaft. Soweit nicht anders angegeben k\u00f6nnen die detaillierten Ergebnisse auf feuerbixler.de nachgelesen werden. Hier werden sie in der Regel sehr aktuell und \u00fcbersichtlich abgelegt.<\/p>\n","protected":false},"author":1,"featured_media":0,"parent":11,"menu_order":2,"comment_status":"open","ping_status":"open","template":"","meta":{"footnotes":""},"class_list":["post-166","page","type-page","status-publish","hentry","post"],"_links":{"self":[{"href":"https:\/\/tell-erling.bplaced.net\/wordpress\/wp-json\/wp\/v2\/pages\/166","targetHints":{"allow":["GET"]}}],"collection":[{"href":"https:\/\/tell-erling.bplaced.net\/wordpress\/wp-json\/wp\/v2\/pages"}],"about":[{"href":"https:\/\/tell-erling.bplaced.net\/wordpress\/wp-json\/wp\/v2\/types\/page"}],"author":[{"embeddable":true,"href":"https:\/\/tell-erling.bplaced.net\/wordpress\/wp-json\/wp\/v2\/users\/1"}],"replies":[{"embeddable":true,"href":"https:\/\/tell-erling.bplaced.net\/wordpress\/wp-json\/wp\/v2\/comments?post=166"}],"version-history":[{"count":4,"href":"https:\/\/tell-erling.bplaced.net\/wordpress\/wp-json\/wp\/v2\/pages\/166\/revisions"}],"predecessor-version":[{"id":177,"href":"https:\/\/tell-erling.bplaced.net\/wordpress\/wp-json\/wp\/v2\/pages\/166\/revisions\/177"}],"up":[{"embeddable":true,"href":"https:\/\/tell-erling.bplaced.net\/wordpress\/wp-json\/wp\/v2\/pages\/11"}],"wp:attachment":[{"href":"https:\/\/tell-erling.bplaced.net\/wordpress\/wp-json\/wp\/v2\/media?parent=166"}],"curies":[{"name":"wp","href":"https:\/\/api.w.org\/{rel}","templated":true}]}}