{"id":15,"date":"2014-12-05T09:01:23","date_gmt":"2014-12-05T09:01:23","guid":{"rendered":"http:\/\/tell-erling.bplaced.net\/wordpress\/?page_id=15"},"modified":"2023-10-22T21:18:17","modified_gmt":"2023-10-22T19:18:17","slug":"luftgewehr","status":"publish","type":"page","link":"https:\/\/tell-erling.bplaced.net\/wordpress\/die-disziplinen\/luftgewehr\/","title":{"rendered":"Luftgewehr"},"content":{"rendered":"<p>Bei uns im Verein werden die Luftgewehr-Sch\u00fctzen in verschiedene Klassen eingeteil um m\u00f6glichst faire Bedingungen f\u00fcr alle Teilnehmer zu schaffen. Nach Alterseinteilung haben wir die Sch\u00fcler-, Jugend- und Sch\u00fctzenklasse.<\/p>\n<p>Zus\u00e4tzlich gibt es die Klasse der Hilfsmittelsch\u00fctzen. Hier k\u00f6nnen Sch\u00fctzen mit k\u00f6rperlichen Einschr\u00e4nkungen Hilsmittel nutzen um diesen Nachteil auszugleichen.<\/p>\n<p>Mit \u00c4nderung der Schie\u00dfordnung ist nun Sch\u00fctzen ab 56 Jahren freigestellt, eine Auflag zur Unterst\u00fctzung zu nutzen. Diese Sch\u00fctzen werden ebenfalls der Hilfsmittelklasse zugeordnen.<\/p>\n","protected":false},"excerpt":{"rendered":"<p>Bei uns im Verein werden die Luftgewehr-Sch\u00fctzen in verschiedene Klassen eingeteil um m\u00f6glichst faire Bedingungen f\u00fcr alle Teilnehmer zu schaffen. Nach Alterseinteilung haben wir die Sch\u00fcler-, Jugend- und Sch\u00fctzenklasse. Zus\u00e4tzlich gibt es die Klasse der Hilfsmittelsch\u00fctzen. Hier k\u00f6nnen Sch\u00fctzen mit k\u00f6rperlichen Einschr\u00e4nkungen Hilsmittel nutzen um diesen Nachteil auszugleichen. Mit \u00c4nderung der Schie\u00dfordnung ist nun Sch\u00fctzen [&hellip;]<\/p>\n","protected":false},"author":1,"featured_media":0,"parent":4098,"menu_order":1,"comment_status":"open","ping_status":"open","template":"","meta":{"footnotes":""},"class_list":["post-15","page","type-page","status-publish","hentry","post"],"_links":{"self":[{"href":"https:\/\/tell-erling.bplaced.net\/wordpress\/wp-json\/wp\/v2\/pages\/15","targetHints":{"allow":["GET"]}}],"collection":[{"href":"https:\/\/tell-erling.bplaced.net\/wordpress\/wp-json\/wp\/v2\/pages"}],"about":[{"href":"https:\/\/tell-erling.bplaced.net\/wordpress\/wp-json\/wp\/v2\/types\/page"}],"author":[{"embeddable":true,"href":"https:\/\/tell-erling.bplaced.net\/wordpress\/wp-json\/wp\/v2\/users\/1"}],"replies":[{"embeddable":true,"href":"https:\/\/tell-erling.bplaced.net\/wordpress\/wp-json\/wp\/v2\/comments?post=15"}],"version-history":[{"count":3,"href":"https:\/\/tell-erling.bplaced.net\/wordpress\/wp-json\/wp\/v2\/pages\/15\/revisions"}],"predecessor-version":[{"id":467,"href":"https:\/\/tell-erling.bplaced.net\/wordpress\/wp-json\/wp\/v2\/pages\/15\/revisions\/467"}],"up":[{"embeddable":true,"href":"https:\/\/tell-erling.bplaced.net\/wordpress\/wp-json\/wp\/v2\/pages\/4098"}],"wp:attachment":[{"href":"https:\/\/tell-erling.bplaced.net\/wordpress\/wp-json\/wp\/v2\/media?parent=15"}],"curies":[{"name":"wp","href":"https:\/\/api.w.org\/{rel}","templated":true}]}}