{"id":11,"date":"2014-12-05T08:57:12","date_gmt":"2014-12-05T08:57:12","guid":{"rendered":"http:\/\/tell-erling.bplaced.net\/wordpress\/?page_id=11"},"modified":"2023-10-22T21:19:03","modified_gmt":"2023-10-22T19:19:03","slug":"zimmerstutzen","status":"publish","type":"page","link":"https:\/\/tell-erling.bplaced.net\/wordpress\/die-disziplinen\/zimmerstutzen\/","title":{"rendered":"Zimmerstutzen"},"content":{"rendered":"<p>Der Zimmerstutzen ist der Vorg\u00e4nger des Luftgewehrs wie wir es heute an den Schie\u00dfst\u00e4nden kennen. Das sportliche Schie\u00dfen mit dem Zimmerstutzen fand bereits Ende des 19 Jahrhunderts in Sch\u00fctzenh\u00e4usern statt.<\/p>\n<p>Die Traditionssch\u00fctzen schie\u00dfen mit Waffen die vor 1945 gebaut wurden, erlaubt sind aber auch orginalgetreue Nachbauten. Beim Schie\u00dfen ist Trachtenkleidung &#8211; von heimischer Tracht \u00fcber Sch\u00fctzenanzug bis zum historischen Anzug ist alles erlaubt &#8211; zu tragen.<\/p>\n<p>Geschossen wird im Idealfall auf 15 Meter. Da diese Distanz bei vielen Schie\u00dfst\u00e4nden nicht verf\u00fcgbar ist, wird der Zimmerstutzen auch auf 10 Meter, in einzelnen F\u00e4llen auch auf 25 Meter und 30 Meter geschossen.<\/p>\n<p>Bei uns im Verein gibt es 7-8 aktive Zimmerstutzen Sch\u00fctzen, die regelm\u00e4\u00dfig bei regionalen und \u00fcberregionalen Preisschie\u00dfen am Start sind. Seit der Saison 2014\/15 gibt es eine Vereinsmeisterwertung Zimmerstutzen. Geschossen werden am jeweils letzten Mittwoch im Monat 20 Wertungssch\u00fcsse auf die historische, 5-kreisige Zimmerstutzenscheibe.<\/p>\n<p>Hans Sch\u00f6lderle war als mehrfacher Deutscher Meister im Zimmerstutzen sicherlich einer der erfolgreichsten, wenn nicht sogar der erfolgreichste Sch\u00fctze den Tell Erling in seiner Geschichte hervorgebracht hat. Hier auf der\u00a0Ehrenscheibe anl\u00e4\u00dflich seines 80. Geburtstags zu sehen:<\/p>\n<p><a href=\"http:\/\/tell-erling.bplaced.net\/wordpress\/wp-content\/uploads\/2014\/12\/tell_schoelderle.jpg\" target=\"_blank\"><img loading=\"lazy\" decoding=\"async\" class=\"size-medium wp-image-173 aligncenter\" src=\"http:\/\/tell-erling.bplaced.net\/wordpress\/wp-content\/uploads\/2014\/12\/tell_schoelderle-300x200.jpg\" alt=\"tell_schoelderle\" width=\"300\" height=\"200\" srcset=\"https:\/\/tell-erling.bplaced.net\/wordpress\/wp-content\/uploads\/2014\/12\/tell_schoelderle-300x200.jpg 300w, https:\/\/tell-erling.bplaced.net\/wordpress\/wp-content\/uploads\/2014\/12\/tell_schoelderle-1024x685.jpg 1024w, https:\/\/tell-erling.bplaced.net\/wordpress\/wp-content\/uploads\/2014\/12\/tell_schoelderle-272x182.jpg 272w\" sizes=\"auto, (max-width: 300px) 100vw, 300px\" \/><\/a><\/p>\n<p>Bei Interesse sei an dieser Stelle auf die sehr informative und gute Seite <a href=\"http:\/\/www.feuerbixler.de\" target=\"_blank\">feuerbixler.de<\/a> verwiesen. Hier finden sich auch praktisch alle Veranstaltungen sowie die Ergebnisse zu Zimmer- und Feuerstutzen. Eine sehr sch\u00f6ne Zusammenfassung findet sich auch auf der Homepage der <a href=\"http:\/\/www.sabt-durrweiler.de\/traditionsschuetzen\/68-informationen-ueber-das-traditionsschiessen.html\" target=\"_blank\">SG Herzogsweiler-Durrweiler<\/a>.<\/p>\n<p>Auch auf <a href=\"http:\/\/de.wikipedia.org\/wiki\/Zimmerstutzen\" target=\"_blank\">Wikipedia<\/a> wird das Zimmerstutzenschie\u00dfen ausf\u00fchrlich beschrieben.<\/p>\n","protected":false},"excerpt":{"rendered":"<p>Der Zimmerstutzen ist der Vorg\u00e4nger des Luftgewehrs wie wir es heute an den Schie\u00dfst\u00e4nden kennen. Das sportliche Schie\u00dfen mit dem Zimmerstutzen fand bereits Ende des 19 Jahrhunderts in Sch\u00fctzenh\u00e4usern statt. Die Traditionssch\u00fctzen schie\u00dfen mit Waffen die vor 1945 gebaut wurden, erlaubt sind aber auch orginalgetreue Nachbauten. Beim Schie\u00dfen ist Trachtenkleidung &#8211; von heimischer Tracht \u00fcber [&hellip;]<\/p>\n","protected":false},"author":1,"featured_media":0,"parent":4098,"menu_order":2,"comment_status":"open","ping_status":"closed","template":"","meta":{"footnotes":""},"class_list":["post-11","page","type-page","status-publish","hentry","post"],"_links":{"self":[{"href":"https:\/\/tell-erling.bplaced.net\/wordpress\/wp-json\/wp\/v2\/pages\/11","targetHints":{"allow":["GET"]}}],"collection":[{"href":"https:\/\/tell-erling.bplaced.net\/wordpress\/wp-json\/wp\/v2\/pages"}],"about":[{"href":"https:\/\/tell-erling.bplaced.net\/wordpress\/wp-json\/wp\/v2\/types\/page"}],"author":[{"embeddable":true,"href":"https:\/\/tell-erling.bplaced.net\/wordpress\/wp-json\/wp\/v2\/users\/1"}],"replies":[{"embeddable":true,"href":"https:\/\/tell-erling.bplaced.net\/wordpress\/wp-json\/wp\/v2\/comments?post=11"}],"version-history":[{"count":11,"href":"https:\/\/tell-erling.bplaced.net\/wordpress\/wp-json\/wp\/v2\/pages\/11\/revisions"}],"predecessor-version":[{"id":1199,"href":"https:\/\/tell-erling.bplaced.net\/wordpress\/wp-json\/wp\/v2\/pages\/11\/revisions\/1199"}],"up":[{"embeddable":true,"href":"https:\/\/tell-erling.bplaced.net\/wordpress\/wp-json\/wp\/v2\/pages\/4098"}],"wp:attachment":[{"href":"https:\/\/tell-erling.bplaced.net\/wordpress\/wp-json\/wp\/v2\/media?parent=11"}],"curies":[{"name":"wp","href":"https:\/\/api.w.org\/{rel}","templated":true}]}}